{"id":9,"date":"2009-07-11T12:28:04","date_gmt":"2009-07-11T10:28:04","guid":{"rendered":"http:\/\/drucksensor.webkrebse.com\/?page_id=2"},"modified":"2021-12-02T10:22:49","modified_gmt":"2021-12-02T09:22:49","slug":"impressum","status":"publish","type":"page","link":"https:\/\/blog.wika.com\/de\/impressum\/","title":{"rendered":"Impressum"},"content":{"rendered":"<h2>Herausgeber<\/h2>\n<p>WIKA Alexander Wiegand SE &amp; Co. KG<br \/>\nAlexander-Wiegand-Stra\u00dfe 30<br \/>\n63911 Klingenberg &#8211; Deutschland<br \/>\nTel.: +49 9372 132-0<br \/>\nFax: +49 9372 132-406<br \/>\nE-Mail: <a href=\"mailto:info@wika.de\">info@wika.de<\/a><\/p>\n<p><strong>Kommanditgesellschaft<\/strong><br \/>\nSitz Klingenberg<br \/>\nAmtsgericht Aschaffenburg<br \/>\nHRA 1819<br \/>\nDUNS-Nummer: 315003806<\/p>\n<p><strong>Komplement\u00e4rin<\/strong><br \/>\nWIKA Verwaltungs SE &amp; Co. KG<br \/>\nSitz Klingenberg<br \/>\nAmtsgericht Aschaffenburg HRA 4685<\/p>\n<p><strong>Komplement\u00e4rin<br \/>\n<\/strong>WIKA International SE<br \/>\nSitz Klingenberg<br \/>\nAmtsgericht Aschaffenburg HRB 10505<br \/>\nVorstand: Alexander Wiegand<\/p>\n<p>Die Umsatzsteueridentifikationsnummer der WIKA Alexander Wiegand SE &amp; Co. KG lautet DE131878642<\/p>\n<h3>Copyright<\/h3>\n<p>Der Internetauftritt der WIKA Alexander Wiegand SE &amp; Co. KG ist urheberrechtlich gesch\u00fctzt. Alle Rechte sind vorbehalten. Die Inhalte (Texte, Bilder, Grafiken, Ton-, Video- und Animationsdateien u.\u00e4.) sowie deren Anordnung auf der Website unterliegen dem Urheberrecht und anderen Gesetzen zum Schutz des geistigen Eigentums. Sie d\u00fcrfen ohne schriftliche Genehmigung der WIKA Alexander Wiegand SE &amp; Co. KG weder in irgendeiner Form vervielf\u00e4ltigt, verbreitet, ver\u00e4ndert, noch Dritten zug\u00e4nglich gemacht werden. Einige WIKA-Internetseiten enthalten au\u00dferdem Bilder, die dem Copyright Dritter unterliegen. Soweit nicht anders angegeben, gelten f\u00fcr alle verwendeten Markenzeichen die gesetzlichen Bestimmungen.<\/p>\n<h3>Gew\u00e4hrleistung<\/h3>\n<p>Diese Website wurde mit gr\u00f6\u00dftm\u00f6glicher Sorgfalt zusammengestellt. Eine Garantie f\u00fcr die Aktualit\u00e4t, Richtigkeit und Vollst\u00e4ndigkeit der zur Verf\u00fcgung gestellten Informationen kann jedoch nicht \u00fcbernommen werden. Gleiches gilt auch f\u00fcr alle anderen Internetseiten, auf die mittels Hyperlinks verwiesen wird. Die WIKA Alexander Wiegand SE &amp; Co. KG ist f\u00fcr den Inhalt der Webseiten, die aufgrund einer solchen Verbindung erreicht werden, nicht verantwortlich. Des Weiteren schlie\u00dft die WIKA Alexander Wiegand SE &amp; Co. KG jegliche Haftung f\u00fcr Sch\u00e4den, die direkt oder indirekt aus der Benutzung dieser Internetseite entstehen, aus (soweit diese nicht auf Vorsatz oder grober Fahrl\u00e4ssigkeit beruhen).<\/p>\n<h3>Google Analytics<\/h3>\n<p>Diese Website benutzt Google Analytics, einen Webanalysedienst der Google Inc. (\u201eGoogle\u201c). Google Analytics verwendet sog. \u201eCookies\u201c, Textdateien, die auf Ihrem Computer gespeichert werden und die eine Analyse der Benutzung der Website durch Sie erm\u00f6glichen. Die durch den Cookie erzeugten Informationen \u00fcber Ihre Benutzung dieser Website werden in der Regel an einen Server von Google in den USA \u00fcbertragen und dort gespeichert.<\/p>\n<p>Im Falle der Aktivierung der IP-Anonymisierung auf dieser Webseite, wird Ihre IP-Adresse von Google jedoch innerhalb von Mitgliedstaaten der Europ\u00e4ischen Union oder in anderen Vertragsstaaten des Abkommens \u00fcber den Europ\u00e4ischen Wirtschaftsraum zuvor gek\u00fcrzt. Nur in Ausnahmef\u00e4llen wird die volle IP-Adresse an einen Server von Google in den USA \u00fcbertragen und dort gek\u00fcrzt.<\/p>\n<p>Im Auftrag des Betreibers dieser Website wird Google diese Informationen benutzen, um Ihre Nutzung der Website auszuwerten, um Reports \u00fcber die Websiteaktivit\u00e4ten zusammenzustellen und um weitere mit der Websitenutzung und der Internetnutzung verbundene Dienstleistungen gegen\u00fcber dem Websitebetreiber zu erbringen. Die im Rahmen von Google Analytics von Ihrem Browser \u00fcbermittelte IP-Adresse wird nicht mit anderen Daten von Google zusammengef\u00fchrt.<\/p>\n<p>Sie k\u00f6nnen die Speicherung der Cookies durch eine entsprechende Einstellung Ihrer Browser-Software verhindern; wir weisen Sie jedoch darauf hin, dass Sie in diesem Fall gegebenenfalls nicht s\u00e4mtliche Funktionen dieser Website vollumf\u00e4nglich werden nutzen k\u00f6nnen. Sie k\u00f6nnen dar\u00fcber hinaus die Erfassung der durch das Cookie erzeugten und auf Ihre Nutzung der Website bezogenen Daten (inkl. Ihrer IP-Adresse) an Google sowie die Verarbeitung dieser Daten durch Google verhindern, indem sie das unter dem folgenden Link verf\u00fcgbare Browser-Plugin herunterladen und installieren: <a href=\"http:\/\/tools.google.com\/dlpage\/gaoptout?hl=de\" rel=\"external\" target=\"_blank\">http:\/\/tools.google.com\/dlpage\/gaoptout?hl=de<\/a>.<\/p>\n","protected":false},"excerpt":{"rendered":"<p>Herausgeber WIKA Alexander Wiegand SE &amp; Co. KG Alexander-Wiegand-Stra\u00dfe 30 63911 Klingenberg &#8211; Deutschland Tel.: +49 9372 132-0 Fax: +49 9372 132-406 E-Mail: info@wika.de Kommanditgesellschaft Sitz Klingenberg Amtsgericht Aschaffenburg HRA 1819 DUNS-Nummer: 315003806 Komplement\u00e4rin WIKA Verwaltungs SE &amp; Co. KG Sitz Klingenberg Amtsgericht Aschaffenburg HRA 4685 Komplement\u00e4rin WIKA International SE Sitz Klingenberg Amtsgericht Aschaffenburg HRB [&hellip;]<\/p>\n","protected":false},"author":272,"featured_media":0,"parent":0,"menu_order":2,"comment_status":"closed","ping_status":"closed","template":"","meta":{"_acf_changed":false,"footnotes":""},"class_list":["post-9","page","type-page","status-publish","hentry"],"acf":[],"yoast_head":"<!-- This site is optimized with the Yoast SEO plugin v27.2 - https:\/\/yoast.com\/product\/yoast-seo-wordpress\/ -->\n<title>Impressum WIKA Alexander Wiegand SE &amp; Co. KG - WIKA-Blog<\/title>\n<meta name=\"description\" content=\"Impressum: Herausgeber WIKA Alexander Wiegand SE &amp; Co. KG, Alexander-Wiegand-Stra\u00dfe 30, 63911 Klingenberg - Deutschland\" \/>\n<meta name=\"robots\" content=\"index, follow, max-snippet:-1, max-image-preview:large, max-video-preview:-1\" \/>\n<link rel=\"canonical\" href=\"https:\/\/blog.wika.com\/de\/impressum\/\" \/>\n<meta property=\"og:locale\" content=\"de_DE\" \/>\n<meta property=\"og:type\" content=\"article\" \/>\n<meta property=\"og:title\" content=\"Impressum WIKA Alexander Wiegand SE &amp; Co. KG - WIKA-Blog\" \/>\n<meta property=\"og:description\" content=\"Impressum: Herausgeber WIKA Alexander Wiegand SE &amp; Co. KG, Alexander-Wiegand-Stra\u00dfe 30, 63911 Klingenberg - Deutschland\" \/>\n<meta property=\"og:url\" content=\"https:\/\/blog.wika.com\/de\/impressum\/\" \/>\n<meta property=\"og:site_name\" content=\"WIKA-Blog\" \/>\n<meta property=\"og:image\" content=\"https:\/\/blog.wika.com\/de\/files\/2015\/06\/wika_social_media_standard.jpg\" \/>\n\t<meta property=\"og:image:width\" content=\"958\" \/>\n\t<meta property=\"og:image:height\" content=\"879\" \/>\n\t<meta property=\"og:image:type\" content=\"image\/jpeg\" \/>\n<meta name=\"twitter:label1\" content=\"Gesch\u00e4tzte Lesezeit\" \/>\n\t<meta name=\"twitter:data1\" content=\"3\u00a0Minuten\" \/>\n<script type=\"application\/ld+json\" class=\"yoast-schema-graph\">{\"@context\":\"https:\/\/schema.org\",\"@graph\":[{\"@type\":\"WebPage\",\"@id\":\"https:\/\/blog.wika.com\/de\/impressum\/\",\"url\":\"https:\/\/blog.wika.com\/de\/impressum\/\",\"name\":\"Impressum WIKA Alexander Wiegand SE & Co. KG - WIKA-Blog\",\"isPartOf\":{\"@id\":\"https:\/\/blog.wika.com\/de\/#website\"},\"datePublished\":\"2009-07-11T10:28:04+00:00\",\"dateModified\":\"2021-12-02T09:22:49+00:00\",\"description\":\"Impressum: Herausgeber WIKA Alexander Wiegand SE & Co. KG, Alexander-Wiegand-Stra\u00dfe 30, 63911 Klingenberg - Deutschland\",\"breadcrumb\":{\"@id\":\"https:\/\/blog.wika.com\/de\/impressum\/#breadcrumb\"},\"inLanguage\":\"de\",\"potentialAction\":[{\"@type\":\"ReadAction\",\"target\":[\"https:\/\/blog.wika.com\/de\/impressum\/\"]}]},{\"@type\":\"BreadcrumbList\",\"@id\":\"https:\/\/blog.wika.com\/de\/impressum\/#breadcrumb\",\"itemListElement\":[{\"@type\":\"ListItem\",\"position\":1,\"name\":\"Startseite\",\"item\":\"https:\/\/blog.wika.com\/de\/\"},{\"@type\":\"ListItem\",\"position\":2,\"name\":\"Impressum\"}]},{\"@type\":\"WebSite\",\"@id\":\"https:\/\/blog.wika.com\/de\/#website\",\"url\":\"https:\/\/blog.wika.com\/de\/\",\"name\":\"WIKA-Blog\",\"description\":\"Unser deutschsprachiger Blog bietet viele interessante Beitr\u00e4ge rund um die Druck-, Temperatur-, F\u00fcllstands-, Kraft-, Durchflussmesstechnik und Kalibriertechnik sowie Einblicke in die Welt der WIKA Unternehmensgruppe.\",\"publisher\":{\"@id\":\"https:\/\/blog.wika.com\/de\/#organization\"},\"potentialAction\":[{\"@type\":\"SearchAction\",\"target\":{\"@type\":\"EntryPoint\",\"urlTemplate\":\"https:\/\/blog.wika.com\/de\/?s={search_term_string}\"},\"query-input\":{\"@type\":\"PropertyValueSpecification\",\"valueRequired\":true,\"valueName\":\"search_term_string\"}}],\"inLanguage\":\"de\"},{\"@type\":\"Organization\",\"@id\":\"https:\/\/blog.wika.com\/de\/#organization\",\"name\":\"WIKA Alexander Wiegand SE & Co. KG\",\"url\":\"https:\/\/blog.wika.com\/de\/\",\"logo\":{\"@type\":\"ImageObject\",\"inLanguage\":\"de\",\"@id\":\"https:\/\/blog.wika.com\/de\/#\/schema\/logo\/image\/\",\"url\":\"https:\/\/blog.wika.com\/de\/files\/2022\/11\/logo_wika_rgb_blue_5cm.png\",\"contentUrl\":\"https:\/\/blog.wika.com\/de\/files\/2022\/11\/logo_wika_rgb_blue_5cm.png\",\"width\":572,\"height\":195,\"caption\":\"WIKA Alexander Wiegand SE & Co. KG\"},\"image\":{\"@id\":\"https:\/\/blog.wika.com\/de\/#\/schema\/logo\/image\/\"},\"sameAs\":[\"https:\/\/de.linkedin.com\/company\/wikagroup\",\"https:\/\/www.youtube.com\/user\/WIKAGroup\"]}]}<\/script>\n<!-- \/ Yoast SEO plugin. -->","yoast_head_json":{"title":"Impressum WIKA Alexander Wiegand SE & Co. KG - WIKA-Blog","description":"Impressum: Herausgeber WIKA Alexander Wiegand SE & Co. KG, Alexander-Wiegand-Stra\u00dfe 30, 63911 Klingenberg - Deutschland","robots":{"index":"index","follow":"follow","max-snippet":"max-snippet:-1","max-image-preview":"max-image-preview:large","max-video-preview":"max-video-preview:-1"},"canonical":"https:\/\/blog.wika.com\/de\/impressum\/","og_locale":"de_DE","og_type":"article","og_title":"Impressum WIKA Alexander Wiegand SE & Co. KG - WIKA-Blog","og_description":"Impressum: Herausgeber WIKA Alexander Wiegand SE & Co. KG, Alexander-Wiegand-Stra\u00dfe 30, 63911 Klingenberg - Deutschland","og_url":"https:\/\/blog.wika.com\/de\/impressum\/","og_site_name":"WIKA-Blog","og_image":[{"width":958,"height":879,"url":"https:\/\/blog.wika.com\/de\/files\/2015\/06\/wika_social_media_standard.jpg","type":"image\/jpeg"}],"twitter_misc":{"Gesch\u00e4tzte Lesezeit":"3\u00a0Minuten"},"schema":{"@context":"https:\/\/schema.org","@graph":[{"@type":"WebPage","@id":"https:\/\/blog.wika.com\/de\/impressum\/","url":"https:\/\/blog.wika.com\/de\/impressum\/","name":"Impressum WIKA Alexander Wiegand SE & Co. KG - WIKA-Blog","isPartOf":{"@id":"https:\/\/blog.wika.com\/de\/#website"},"datePublished":"2009-07-11T10:28:04+00:00","dateModified":"2021-12-02T09:22:49+00:00","description":"Impressum: Herausgeber WIKA Alexander Wiegand SE & Co. KG, Alexander-Wiegand-Stra\u00dfe 30, 63911 Klingenberg - Deutschland","breadcrumb":{"@id":"https:\/\/blog.wika.com\/de\/impressum\/#breadcrumb"},"inLanguage":"de","potentialAction":[{"@type":"ReadAction","target":["https:\/\/blog.wika.com\/de\/impressum\/"]}]},{"@type":"BreadcrumbList","@id":"https:\/\/blog.wika.com\/de\/impressum\/#breadcrumb","itemListElement":[{"@type":"ListItem","position":1,"name":"Startseite","item":"https:\/\/blog.wika.com\/de\/"},{"@type":"ListItem","position":2,"name":"Impressum"}]},{"@type":"WebSite","@id":"https:\/\/blog.wika.com\/de\/#website","url":"https:\/\/blog.wika.com\/de\/","name":"WIKA-Blog","description":"Unser deutschsprachiger Blog bietet viele interessante Beitr\u00e4ge rund um die Druck-, Temperatur-, F\u00fcllstands-, Kraft-, Durchflussmesstechnik und Kalibriertechnik sowie Einblicke in die Welt der WIKA Unternehmensgruppe.","publisher":{"@id":"https:\/\/blog.wika.com\/de\/#organization"},"potentialAction":[{"@type":"SearchAction","target":{"@type":"EntryPoint","urlTemplate":"https:\/\/blog.wika.com\/de\/?s={search_term_string}"},"query-input":{"@type":"PropertyValueSpecification","valueRequired":true,"valueName":"search_term_string"}}],"inLanguage":"de"},{"@type":"Organization","@id":"https:\/\/blog.wika.com\/de\/#organization","name":"WIKA Alexander Wiegand SE & Co. KG","url":"https:\/\/blog.wika.com\/de\/","logo":{"@type":"ImageObject","inLanguage":"de","@id":"https:\/\/blog.wika.com\/de\/#\/schema\/logo\/image\/","url":"https:\/\/blog.wika.com\/de\/files\/2022\/11\/logo_wika_rgb_blue_5cm.png","contentUrl":"https:\/\/blog.wika.com\/de\/files\/2022\/11\/logo_wika_rgb_blue_5cm.png","width":572,"height":195,"caption":"WIKA Alexander Wiegand SE & Co. KG"},"image":{"@id":"https:\/\/blog.wika.com\/de\/#\/schema\/logo\/image\/"},"sameAs":["https:\/\/de.linkedin.com\/company\/wikagroup","https:\/\/www.youtube.com\/user\/WIKAGroup"]}]}},"_links":{"self":[{"href":"https:\/\/blog.wika.com\/de\/wp-json\/wp\/v2\/pages\/9","targetHints":{"allow":["GET"]}}],"collection":[{"href":"https:\/\/blog.wika.com\/de\/wp-json\/wp\/v2\/pages"}],"about":[{"href":"https:\/\/blog.wika.com\/de\/wp-json\/wp\/v2\/types\/page"}],"author":[{"embeddable":true,"href":"https:\/\/blog.wika.com\/de\/wp-json\/wp\/v2\/users\/272"}],"replies":[{"embeddable":true,"href":"https:\/\/blog.wika.com\/de\/wp-json\/wp\/v2\/comments?post=9"}],"version-history":[{"count":36,"href":"https:\/\/blog.wika.com\/de\/wp-json\/wp\/v2\/pages\/9\/revisions"}],"predecessor-version":[{"id":20404,"href":"https:\/\/blog.wika.com\/de\/wp-json\/wp\/v2\/pages\/9\/revisions\/20404"}],"wp:attachment":[{"href":"https:\/\/blog.wika.com\/de\/wp-json\/wp\/v2\/media?parent=9"}],"curies":[{"name":"wp","href":"https:\/\/api.w.org\/{rel}","templated":true}]}}