{"id":87,"date":"2009-08-03T12:19:33","date_gmt":"2009-08-03T10:19:33","guid":{"rendered":"https:\/\/blog.wika.com\/de\/?page_id=87"},"modified":"2016-03-18T10:45:40","modified_gmt":"2016-03-18T09:45:40","slug":"auteurs-quipe","status":"publish","type":"page","link":"https:\/\/blog.wika.com\/fr\/auteurs-quipe\/","title":{"rendered":"Auteurs actuels"},"content":{"rendered":"","protected":false},"excerpt":{"rendered":"","protected":false},"author":35,"featured_media":0,"parent":0,"menu_order":1,"comment_status":"closed","ping_status":"closed","template":"authors2.php","meta":{"_acf_changed":false,"footnotes":""},"class_list":["post-87","page","type-page","status-publish","hentry"],"acf":[],"yoast_head":"<!-- This site is optimized with the Yoast SEO plugin v27.2 - https:\/\/yoast.com\/product\/yoast-seo-wordpress\/ -->\n<title>Notre \u00e9quipe d&#039;auteurs\u00a0- blog WIKA<\/title>\n<meta name=\"description\" content=\"Vous avez des questions pour nos auteurs, ou vous voulez savoir qui est derri\u00e8re un article?\" \/>\n<meta name=\"robots\" content=\"index, follow, max-snippet:-1, max-image-preview:large, max-video-preview:-1\" \/>\n<link rel=\"canonical\" href=\"https:\/\/blog.wika.com\/fr\/auteurs-quipe\/\" \/>\n<meta property=\"og:locale\" content=\"fr_FR\" \/>\n<meta property=\"og:type\" content=\"article\" \/>\n<meta property=\"og:title\" content=\"Notre \u00e9quipe d&#039;auteurs\u00a0- blog WIKA\" \/>\n<meta property=\"og:description\" content=\"Vous avez des questions pour nos auteurs, ou vous voulez savoir qui est derri\u00e8re un article?\" \/>\n<meta property=\"og:url\" content=\"https:\/\/blog.wika.com\/fr\/auteurs-quipe\/\" \/>\n<meta property=\"og:site_name\" content=\"Blog WIKA\" \/>\n<script type=\"application\/ld+json\" class=\"yoast-schema-graph\">{\"@context\":\"https:\/\/schema.org\",\"@graph\":[{\"@type\":\"WebPage\",\"@id\":\"https:\/\/blog.wika.com\/fr\/auteurs-quipe\/\",\"url\":\"https:\/\/blog.wika.com\/fr\/auteurs-quipe\/\",\"name\":\"Notre \u00e9quipe d'auteurs\u00a0- blog WIKA\",\"isPartOf\":{\"@id\":\"https:\/\/blog.wika.com\/fr\/#website\"},\"datePublished\":\"2009-08-03T10:19:33+00:00\",\"dateModified\":\"2016-03-18T09:45:40+00:00\",\"description\":\"Vous avez des questions pour nos auteurs, ou vous voulez savoir qui est derri\u00e8re un article?\",\"breadcrumb\":{\"@id\":\"https:\/\/blog.wika.com\/fr\/auteurs-quipe\/#breadcrumb\"},\"inLanguage\":\"fr-FR\",\"potentialAction\":[{\"@type\":\"ReadAction\",\"target\":[\"https:\/\/blog.wika.com\/fr\/auteurs-quipe\/\"]}]},{\"@type\":\"BreadcrumbList\",\"@id\":\"https:\/\/blog.wika.com\/fr\/auteurs-quipe\/#breadcrumb\",\"itemListElement\":[{\"@type\":\"ListItem\",\"position\":1,\"name\":\"Accueil\",\"item\":\"https:\/\/blog.wika.com\/fr\/\"},{\"@type\":\"ListItem\",\"position\":2,\"name\":\"Auteurs actuels\"}]},{\"@type\":\"WebSite\",\"@id\":\"https:\/\/blog.wika.com\/fr\/#website\",\"url\":\"https:\/\/blog.wika.com\/fr\/\",\"name\":\"Blog WIKA\",\"description\":\"Notre blog vous propose de nombreux articles int\u00e9ressants sur la mesure de pression, temp\u00e9rature, niveau, d\u00e9bit et calibration et donne un aper\u00e7u du Groupe WIKA\",\"publisher\":{\"@id\":\"https:\/\/blog.wika.com\/fr\/#organization\"},\"potentialAction\":[{\"@type\":\"SearchAction\",\"target\":{\"@type\":\"EntryPoint\",\"urlTemplate\":\"https:\/\/blog.wika.com\/fr\/?s={search_term_string}\"},\"query-input\":{\"@type\":\"PropertyValueSpecification\",\"valueRequired\":true,\"valueName\":\"search_term_string\"}}],\"inLanguage\":\"fr-FR\"},{\"@type\":\"Organization\",\"@id\":\"https:\/\/blog.wika.com\/fr\/#organization\",\"name\":\"WIKA Instruments\",\"url\":\"https:\/\/blog.wika.com\/fr\/\",\"logo\":{\"@type\":\"ImageObject\",\"inLanguage\":\"fr-FR\",\"@id\":\"https:\/\/blog.wika.com\/fr\/#\/schema\/logo\/image\/\",\"url\":\"https:\/\/blog.wika.com\/fr\/files\/2016\/02\/logo_wika_cmyk.jpg\",\"contentUrl\":\"https:\/\/blog.wika.com\/fr\/files\/2016\/02\/logo_wika_cmyk.jpg\",\"width\":758,\"height\":263,\"caption\":\"WIKA Instruments\"},\"image\":{\"@id\":\"https:\/\/blog.wika.com\/fr\/#\/schema\/logo\/image\/\"}}]}<\/script>\n<!-- \/ Yoast SEO plugin. -->","yoast_head_json":{"title":"Notre \u00e9quipe d'auteurs\u00a0- blog WIKA","description":"Vous avez des questions pour nos auteurs, ou vous voulez savoir qui est derri\u00e8re un article?","robots":{"index":"index","follow":"follow","max-snippet":"max-snippet:-1","max-image-preview":"max-image-preview:large","max-video-preview":"max-video-preview:-1"},"canonical":"https:\/\/blog.wika.com\/fr\/auteurs-quipe\/","og_locale":"fr_FR","og_type":"article","og_title":"Notre \u00e9quipe d'auteurs\u00a0- blog WIKA","og_description":"Vous avez des questions pour nos auteurs, ou vous voulez savoir qui est derri\u00e8re un article?","og_url":"https:\/\/blog.wika.com\/fr\/auteurs-quipe\/","og_site_name":"Blog WIKA","schema":{"@context":"https:\/\/schema.org","@graph":[{"@type":"WebPage","@id":"https:\/\/blog.wika.com\/fr\/auteurs-quipe\/","url":"https:\/\/blog.wika.com\/fr\/auteurs-quipe\/","name":"Notre \u00e9quipe d'auteurs\u00a0- blog WIKA","isPartOf":{"@id":"https:\/\/blog.wika.com\/fr\/#website"},"datePublished":"2009-08-03T10:19:33+00:00","dateModified":"2016-03-18T09:45:40+00:00","description":"Vous avez des questions pour nos auteurs, ou vous voulez savoir qui est derri\u00e8re un article?","breadcrumb":{"@id":"https:\/\/blog.wika.com\/fr\/auteurs-quipe\/#breadcrumb"},"inLanguage":"fr-FR","potentialAction":[{"@type":"ReadAction","target":["https:\/\/blog.wika.com\/fr\/auteurs-quipe\/"]}]},{"@type":"BreadcrumbList","@id":"https:\/\/blog.wika.com\/fr\/auteurs-quipe\/#breadcrumb","itemListElement":[{"@type":"ListItem","position":1,"name":"Accueil","item":"https:\/\/blog.wika.com\/fr\/"},{"@type":"ListItem","position":2,"name":"Auteurs actuels"}]},{"@type":"WebSite","@id":"https:\/\/blog.wika.com\/fr\/#website","url":"https:\/\/blog.wika.com\/fr\/","name":"Blog WIKA","description":"Notre blog vous propose de nombreux articles int\u00e9ressants sur la mesure de pression, temp\u00e9rature, niveau, d\u00e9bit et calibration et donne un aper\u00e7u du Groupe WIKA","publisher":{"@id":"https:\/\/blog.wika.com\/fr\/#organization"},"potentialAction":[{"@type":"SearchAction","target":{"@type":"EntryPoint","urlTemplate":"https:\/\/blog.wika.com\/fr\/?s={search_term_string}"},"query-input":{"@type":"PropertyValueSpecification","valueRequired":true,"valueName":"search_term_string"}}],"inLanguage":"fr-FR"},{"@type":"Organization","@id":"https:\/\/blog.wika.com\/fr\/#organization","name":"WIKA Instruments","url":"https:\/\/blog.wika.com\/fr\/","logo":{"@type":"ImageObject","inLanguage":"fr-FR","@id":"https:\/\/blog.wika.com\/fr\/#\/schema\/logo\/image\/","url":"https:\/\/blog.wika.com\/fr\/files\/2016\/02\/logo_wika_cmyk.jpg","contentUrl":"https:\/\/blog.wika.com\/fr\/files\/2016\/02\/logo_wika_cmyk.jpg","width":758,"height":263,"caption":"WIKA Instruments"},"image":{"@id":"https:\/\/blog.wika.com\/fr\/#\/schema\/logo\/image\/"}}]}},"_links":{"self":[{"href":"https:\/\/blog.wika.com\/fr\/wp-json\/wp\/v2\/pages\/87","targetHints":{"allow":["GET"]}}],"collection":[{"href":"https:\/\/blog.wika.com\/fr\/wp-json\/wp\/v2\/pages"}],"about":[{"href":"https:\/\/blog.wika.com\/fr\/wp-json\/wp\/v2\/types\/page"}],"author":[{"embeddable":true,"href":"https:\/\/blog.wika.com\/fr\/wp-json\/wp\/v2\/users\/35"}],"replies":[{"embeddable":true,"href":"https:\/\/blog.wika.com\/fr\/wp-json\/wp\/v2\/comments?post=87"}],"version-history":[{"count":5,"href":"https:\/\/blog.wika.com\/fr\/wp-json\/wp\/v2\/pages\/87\/revisions"}],"predecessor-version":[{"id":6913,"href":"https:\/\/blog.wika.com\/fr\/wp-json\/wp\/v2\/pages\/87\/revisions\/6913"}],"wp:attachment":[{"href":"https:\/\/blog.wika.com\/fr\/wp-json\/wp\/v2\/media?parent=87"}],"curies":[{"name":"wp","href":"https:\/\/api.w.org\/{rel}","templated":true}]}}