{"id":4039,"date":"2015-03-11T09:12:09","date_gmt":"2015-03-11T09:12:09","guid":{"rendered":"https:\/\/blog.wika.com\/de\/?page_id=4039"},"modified":"2023-06-12T07:59:37","modified_gmt":"2023-06-12T05:59:37","slug":"news-subscription","status":"publish","type":"page","link":"https:\/\/blog.wika.com\/pl\/news-subscription\/","title":{"rendered":"Subskrypcja nowo\u015bci"},"content":{"rendered":"<p>Dzi\u0119ki subskrypcji nowo\u015bci WIKA zostan\u0105 Pa\u0144stwa bezp\u0142atnie poinformowani poprzez e-mail o nowych artyku\u0142ach na blogu. Wystarczy tylko okre\u015bli\u0107 tematy zainteresowa\u0144 i dzi\u0119ki temu pozostan\u0105 Pa\u0144stwo na bie\u017c\u0105co! <\/p>\n<p>[stc-subscribe treeview_folded=&#8221;false&#8221; treeview_enabled=&#8221;false&#8221;]<\/p>\n<p>&nbsp;<\/p>\n<p>&nbsp;<\/p>\n<p>\nInformujemy, \u017ce administratorem Twoich danych osobowych (w skr\u00f3cie ADO) jest WIKA Polska sp\u00f3\u0142ka z ograniczon\u0105 odpowiedzialno\u015bci\u0105 sp. k. z siedzib\u0105 we W\u0142oc\u0142awku (kontakt: W\u0142oc\u0142awek (87-800) ul. \u0141\u0119gska 29\/35 lub mailowo <a href=\"mailto:info@wikapolska.pl\">info@wikapolska.pl<\/a>). <a href=\"https:\/\/blog.wika.com\/pl\/files\/2019\/05\/zz_informationclausenewssubscription_pl-pl.pdf\">Wi\u0119cej<\/a><\/p>\n","protected":false},"excerpt":{"rendered":"<p>Dzi\u0119ki subskrypcji nowo\u015bci WIKA zostan\u0105 Pa\u0144stwa bezp\u0142atnie poinformowani poprzez e-mail o nowych artyku\u0142ach na blogu. Wystarczy tylko okre\u015bli\u0107 tematy zainteresowa\u0144 i dzi\u0119ki temu pozostan\u0105 Pa\u0144stwo na bie\u017c\u0105co! [stc-subscribe treeview_folded=&#8221;false&#8221; treeview_enabled=&#8221;false&#8221;] &nbsp; &nbsp; Informujemy, \u017ce administratorem Twoich danych osobowych (w skr\u00f3cie ADO) jest WIKA Polska sp\u00f3\u0142ka z ograniczon\u0105 odpowiedzialno\u015bci\u0105 sp. k. z siedzib\u0105 we W\u0142oc\u0142awku (kontakt: [&hellip;]<\/p>\n","protected":false},"author":35,"featured_media":0,"parent":0,"menu_order":0,"comment_status":"open","ping_status":"open","template":"","meta":{"_acf_changed":false,"footnotes":""},"class_list":["post-4039","page","type-page","status-publish","hentry"],"acf":[],"yoast_head":"<!-- This site is optimized with the Yoast SEO plugin v27.2 - https:\/\/yoast.com\/product\/yoast-seo-wordpress\/ -->\n<title>Subskrypcja nowo\u015bci - Blog WIKA<\/title>\n<meta name=\"description\" content=\"Dzi\u0119ki subskrypcji nowo\u015bci WIKA zostan\u0105 Pa\u0144stwa bezp\u0142atnie poinformowani poprzez e-mail o nowych artyku\u0142ach na blogu. Wystarczy tylko okre\u015bli\u0107 tematy\" \/>\n<meta name=\"robots\" content=\"index, follow, max-snippet:-1, max-image-preview:large, max-video-preview:-1\" \/>\n<link rel=\"canonical\" href=\"https:\/\/blog.wika.com\/pl\/news-subscription\/\" \/>\n<meta property=\"og:locale\" content=\"pl_PL\" \/>\n<meta property=\"og:type\" content=\"article\" \/>\n<meta property=\"og:title\" content=\"Subskrypcja nowo\u015bci - Blog WIKA\" \/>\n<meta property=\"og:description\" content=\"Dzi\u0119ki subskrypcji nowo\u015bci WIKA zostan\u0105 Pa\u0144stwa bezp\u0142atnie poinformowani poprzez e-mail o nowych artyku\u0142ach na blogu. Wystarczy tylko okre\u015bli\u0107 tematy\" \/>\n<meta property=\"og:url\" content=\"https:\/\/blog.wika.com\/pl\/news-subscription\/\" \/>\n<meta property=\"og:site_name\" content=\"Blog WIKA\" \/>\n<meta name=\"twitter:label1\" content=\"Szacowany czas czytania\" \/>\n\t<meta name=\"twitter:data1\" content=\"1 minuta\" \/>\n<script type=\"application\/ld+json\" class=\"yoast-schema-graph\">{\"@context\":\"https:\/\/schema.org\",\"@graph\":[{\"@type\":\"WebPage\",\"@id\":\"https:\/\/blog.wika.com\/pl\/news-subscription\/\",\"url\":\"https:\/\/blog.wika.com\/pl\/news-subscription\/\",\"name\":\"Subskrypcja nowo\u015bci - Blog WIKA\",\"isPartOf\":{\"@id\":\"https:\/\/blog.wika.com\/pl\/#website\"},\"datePublished\":\"2015-03-11T09:12:09+00:00\",\"dateModified\":\"2023-06-12T05:59:37+00:00\",\"description\":\"Dzi\u0119ki subskrypcji nowo\u015bci WIKA zostan\u0105 Pa\u0144stwa bezp\u0142atnie poinformowani poprzez e-mail o nowych artyku\u0142ach na blogu. Wystarczy tylko okre\u015bli\u0107 tematy\",\"breadcrumb\":{\"@id\":\"https:\/\/blog.wika.com\/pl\/news-subscription\/#breadcrumb\"},\"inLanguage\":\"pl-PL\",\"potentialAction\":[{\"@type\":\"ReadAction\",\"target\":[\"https:\/\/blog.wika.com\/pl\/news-subscription\/\"]}]},{\"@type\":\"BreadcrumbList\",\"@id\":\"https:\/\/blog.wika.com\/pl\/news-subscription\/#breadcrumb\",\"itemListElement\":[{\"@type\":\"ListItem\",\"position\":1,\"name\":\"Strona g\u0142\u00f3wna\",\"item\":\"https:\/\/blog.wika.com\/pl\/\"},{\"@type\":\"ListItem\",\"position\":2,\"name\":\"Subskrypcja nowo\u015bci\"}]},{\"@type\":\"WebSite\",\"@id\":\"https:\/\/blog.wika.com\/pl\/#website\",\"url\":\"https:\/\/blog.wika.com\/pl\/\",\"name\":\"Blog WIKA\",\"description\":\"W naszym blogu WIKA Polska, mened\u017cerowie produktu poruszaj\u0105 interesuj\u0105ce tematy ze \u015bwiata elektronicznego pomiaru ci\u015bnienia. Odpowiadaj\u0105 na wi\u0119kszo\u015b\u0107 pyta\u0144, kt\u00f3re pojawiaj\u0105 si\u0119 w ich codziennej pracy.\",\"potentialAction\":[{\"@type\":\"SearchAction\",\"target\":{\"@type\":\"EntryPoint\",\"urlTemplate\":\"https:\/\/blog.wika.com\/pl\/?s={search_term_string}\"},\"query-input\":{\"@type\":\"PropertyValueSpecification\",\"valueRequired\":true,\"valueName\":\"search_term_string\"}}],\"inLanguage\":\"pl-PL\"}]}<\/script>\n<!-- \/ Yoast SEO plugin. -->","yoast_head_json":{"title":"Subskrypcja nowo\u015bci - Blog WIKA","description":"Dzi\u0119ki subskrypcji nowo\u015bci WIKA zostan\u0105 Pa\u0144stwa bezp\u0142atnie poinformowani poprzez e-mail o nowych artyku\u0142ach na blogu. Wystarczy tylko okre\u015bli\u0107 tematy","robots":{"index":"index","follow":"follow","max-snippet":"max-snippet:-1","max-image-preview":"max-image-preview:large","max-video-preview":"max-video-preview:-1"},"canonical":"https:\/\/blog.wika.com\/pl\/news-subscription\/","og_locale":"pl_PL","og_type":"article","og_title":"Subskrypcja nowo\u015bci - Blog WIKA","og_description":"Dzi\u0119ki subskrypcji nowo\u015bci WIKA zostan\u0105 Pa\u0144stwa bezp\u0142atnie poinformowani poprzez e-mail o nowych artyku\u0142ach na blogu. Wystarczy tylko okre\u015bli\u0107 tematy","og_url":"https:\/\/blog.wika.com\/pl\/news-subscription\/","og_site_name":"Blog WIKA","twitter_misc":{"Szacowany czas czytania":"1 minuta"},"schema":{"@context":"https:\/\/schema.org","@graph":[{"@type":"WebPage","@id":"https:\/\/blog.wika.com\/pl\/news-subscription\/","url":"https:\/\/blog.wika.com\/pl\/news-subscription\/","name":"Subskrypcja nowo\u015bci - Blog WIKA","isPartOf":{"@id":"https:\/\/blog.wika.com\/pl\/#website"},"datePublished":"2015-03-11T09:12:09+00:00","dateModified":"2023-06-12T05:59:37+00:00","description":"Dzi\u0119ki subskrypcji nowo\u015bci WIKA zostan\u0105 Pa\u0144stwa bezp\u0142atnie poinformowani poprzez e-mail o nowych artyku\u0142ach na blogu. Wystarczy tylko okre\u015bli\u0107 tematy","breadcrumb":{"@id":"https:\/\/blog.wika.com\/pl\/news-subscription\/#breadcrumb"},"inLanguage":"pl-PL","potentialAction":[{"@type":"ReadAction","target":["https:\/\/blog.wika.com\/pl\/news-subscription\/"]}]},{"@type":"BreadcrumbList","@id":"https:\/\/blog.wika.com\/pl\/news-subscription\/#breadcrumb","itemListElement":[{"@type":"ListItem","position":1,"name":"Strona g\u0142\u00f3wna","item":"https:\/\/blog.wika.com\/pl\/"},{"@type":"ListItem","position":2,"name":"Subskrypcja nowo\u015bci"}]},{"@type":"WebSite","@id":"https:\/\/blog.wika.com\/pl\/#website","url":"https:\/\/blog.wika.com\/pl\/","name":"Blog WIKA","description":"W naszym blogu WIKA Polska, mened\u017cerowie produktu poruszaj\u0105 interesuj\u0105ce tematy ze \u015bwiata elektronicznego pomiaru ci\u015bnienia. Odpowiadaj\u0105 na wi\u0119kszo\u015b\u0107 pyta\u0144, kt\u00f3re pojawiaj\u0105 si\u0119 w ich codziennej pracy.","potentialAction":[{"@type":"SearchAction","target":{"@type":"EntryPoint","urlTemplate":"https:\/\/blog.wika.com\/pl\/?s={search_term_string}"},"query-input":{"@type":"PropertyValueSpecification","valueRequired":true,"valueName":"search_term_string"}}],"inLanguage":"pl-PL"}]}},"_links":{"self":[{"href":"https:\/\/blog.wika.com\/pl\/wp-json\/wp\/v2\/pages\/4039","targetHints":{"allow":["GET"]}}],"collection":[{"href":"https:\/\/blog.wika.com\/pl\/wp-json\/wp\/v2\/pages"}],"about":[{"href":"https:\/\/blog.wika.com\/pl\/wp-json\/wp\/v2\/types\/page"}],"author":[{"embeddable":true,"href":"https:\/\/blog.wika.com\/pl\/wp-json\/wp\/v2\/users\/35"}],"replies":[{"embeddable":true,"href":"https:\/\/blog.wika.com\/pl\/wp-json\/wp\/v2\/comments?post=4039"}],"version-history":[{"count":8,"href":"https:\/\/blog.wika.com\/pl\/wp-json\/wp\/v2\/pages\/4039\/revisions"}],"predecessor-version":[{"id":9949,"href":"https:\/\/blog.wika.com\/pl\/wp-json\/wp\/v2\/pages\/4039\/revisions\/9949"}],"wp:attachment":[{"href":"https:\/\/blog.wika.com\/pl\/wp-json\/wp\/v2\/media?parent=4039"}],"curies":[{"name":"wp","href":"https:\/\/api.w.org\/{rel}","templated":true}]}}