{"id":7854,"date":"2018-12-17T15:44:45","date_gmt":"2018-12-17T14:44:45","guid":{"rendered":"https:\/\/blog.wika.com\/pl\/?page_id=7854"},"modified":"2018-12-17T15:44:45","modified_gmt":"2018-12-17T14:44:45","slug":"dzikujemy-bardzo","status":"publish","type":"page","link":"https:\/\/blog.wika.com\/pl\/dzikujemy-bardzo\/","title":{"rendered":"Dzi\u0119kujemy bardzo!"},"content":{"rendered":"<h1 class=\"markup2\">Dzi\u0119kujemy bardzo!<\/h1>\n<p>Twoja wiadomo\u015b\u0107 zosta\u0142a wys\u0142ana i zostanie jak najszybciej przekazana do odpowiedniej osoby kontaktowej.<\/p>\n<p><strong>Klauzula informacyjna:<\/strong><\/p>\n<p>1.\u00a0\u00a0 Informujemy, \u017ce administratorem Twoich danych osobowych (w skr\u00f3cie ADO) jest WIKA Polska sp\u00f3\u0142ka z ograniczon\u0105 odpowiedzialno\u015bci\u0105 sp. k. z siedzib\u0105 we W\u0142oc\u0142awku (kontakt: W\u0142oc\u0142awek (87-800) ul. \u0141\u0119gska 29\/35 lub mailowo\u00a0<a>info@wikapolska.pl<\/a>).<\/p>\n<p>2.\u00a0\u00a0 Twoje dane osobowe b\u0119d\u0105 przetwarzane w celu prowadzenia korespondencji, w tym odpowiedzi na przes\u0142ane zapytanie wys\u0142ane niniejszym formularzem kontaktowym (co stanowi w przypadku wymaganych danych tzw. prawnie uzasadniony interes ADO zgodnie z art. 6 ust. 1 lit. f RODO*, a w przypadku danych podanych opcjonalnie, zgodnie z wol\u0105 osoby &#8211; art. 6 ust. 1 lit. a RODO).<\/p>\n<p>*RODO &#8211; Rozporz\u0105dzenie Parlamentu Europejskiego i Rady (UE) 2016\/679 z dnia 27 kwietnia 2016 r. w sprawie ochrony os\u00f3b fizycznych w zwi\u0105zku z przetwarzaniem danych osobowych i w sprawie czynno\u015bci swobodnego przep\u0142ywu takich danych oraz uchylenia dyrektywy 95\/46\/WE.<\/p>\n<p>3.\u00a0\u00a0 Podanie wymaganych danych jest warunkiem udzielenia odpowiedzi, a ich niepodanie uniemo\u017cliwi udzielenie odpowiedzi na pytanie. Podanie pozosta\u0142ych danych (opcjonalnych) jest dobrowolne i wp\u0142ywa jedynie na usprawnienie kontaktu, o kt\u00f3rym mowa.<\/p>\n<p>4.\u00a0\u00a0 Twoje dane mog\u0105 by\u0107 przekazywane:<\/p>\n<ul>\n<li>podmiotom, kt\u00f3re na zlecenie ADO wykonuj\u0105 czynno\u015bci wspieraj\u0105ce jego dzia\u0142alno\u015b\u0107 (w szczeg\u00f3lno\u015bci: dostawcom i serwisantom system\u00f3w informatycznych),<\/li>\n<li>podmiotom, kt\u00f3re wyka\u017c\u0105 potrzeb\u0119 uzyskania dost\u0119pu do danych, w tym tak\u017ce\u00a0 upowa\u017cnionym do ich otrzymania na podstawie przepis\u00f3w prawa.<\/li>\n<\/ul>\n<p>5.\u00a0\u00a0 Twoje dane osobowe b\u0119d\u0105 przez nas przetwarzane do momentu wniesienia przez Ciebie sprzeciwu wobec przetwarzania danych oraz w odniesieniu do danych przetwarzanych na podstawie Twojej zgody, do czasu wycofania przez Ciebie zgody, jednak nie d\u0142u\u017cej, ni\u017c do up\u0142ywu termin\u00f3w wskazanych w przepisach prawa.<\/p>\n<p>6.\u00a0\u00a0 Przys\u0142uguje Ci prawo do:<\/p>\n<ul>\n<li>dost\u0119pu do Twoich danych osobowych,<\/li>\n<li>sprostowania danych &#8211; je\u015bli s\u0105 nieprawid\u0142owe lub niekompletne,<\/li>\n<li>usuni\u0119cia danych lub ograniczenia ich przetwarzania (w okre\u015blonych przypadkach),<\/li>\n<li>przenoszenia Twoich danych osobowych (dotyczy danych przetwarzanych na podstawie Twojej zgody),<\/li>\n<li>wniesienia do ADO sprzeciwu wobec przetwarzania Twoich danych osobowych z uwagi na Twoj\u0105 szczeg\u00f3ln\u0105 sytuacj\u0119<\/li>\n<li>wniesienia skargi do organu nadzorczego w\u0142a\u015bciwego ds. ochrony danych osobowych (w Polsce organem tym jest Prezes Urz\u0119du Ochrony Danych Osobowych),<\/li>\n<li>wycofania w dowolnym momencie wyra\u017conej zgody, przy czym wycofanie zgody nie b\u0119dzie mia\u0142o wp\u0142ywu na zgodno\u015b\u0107 z prawem przetwarzania, kt\u00f3rego dokonano na podstawie zgody przed jej cofni\u0119ciem.<\/li>\n<\/ul>\n<p>7.\u00a0\u00a0 Twoje dane osobowe nie b\u0119d\u0105 wykorzystywane przez ADO do podejmowania wobec Ciebie decyzji w spos\u00f3b zautomatyzowany (czyli bez udzia\u0142u cz\u0142owieka), w tym do profilowania.<\/p>\n<p>8.\u00a0\u00a0 W sprawach dotycz\u0105cych przetwarzania Twoich danych osobowych mo\u017cesz skontaktowa\u0107 si\u0119 z ADO, korzystaj\u0105c z podanych powy\u017cej danych kontaktowych lub z wyznaczonym przez ADO Inspektorem Ochrony Danych &#8211; poczt\u0105 tradycyjn\u0105 na adres kontaktowy ADO z dopiskiem \u201eInspektor Ochrony Danych: lub mailowo na adres\u00a0<a>ochrona.danych@wika.com<\/a>.<\/p>\n<p>Klikni\u0119cie przycisku \u201eWy\u015blij\u201d w sytuacji podania r\u00f3wnie\u017c danych opcjonalnych oznacza, \u017ce wyra\u017casz zgod\u0119 na przetwarzanie swoich danych osobowych przez WIKA Polska w celu usprawnienia kontaktu, o kt\u00f3rym mowa powy\u017cej.<br \/>\nSzczeg\u00f3\u0142owe informacje na temat przetwarzania Twoich danych osobowych:\u00a0<a href=\"https:\/\/blog.wika.com\/pl\/polityka-prywatnoci\/\">Polityka prywatno\u015bci<\/a><\/p>\n","protected":false},"excerpt":{"rendered":"<p>Dzi\u0119kujemy bardzo! Twoja wiadomo\u015b\u0107 zosta\u0142a wys\u0142ana i zostanie jak najszybciej przekazana do odpowiedniej osoby kontaktowej. Klauzula informacyjna: 1.\u00a0\u00a0 Informujemy, \u017ce administratorem Twoich danych osobowych (w skr\u00f3cie ADO) jest WIKA Polska sp\u00f3\u0142ka z ograniczon\u0105 odpowiedzialno\u015bci\u0105 sp. k. z siedzib\u0105 we W\u0142oc\u0142awku (kontakt: W\u0142oc\u0142awek (87-800) ul. \u0141\u0119gska 29\/35 lub mailowo\u00a0info@wikapolska.pl). 2.\u00a0\u00a0 Twoje dane osobowe b\u0119d\u0105 przetwarzane w [&hellip;]<\/p>\n","protected":false},"author":35,"featured_media":0,"parent":0,"menu_order":0,"comment_status":"closed","ping_status":"closed","template":"","meta":{"_acf_changed":false,"footnotes":""},"class_list":["post-7854","page","type-page","status-publish","hentry"],"acf":[],"yoast_head":"<!-- This site is optimized with the Yoast SEO plugin v27.2 - https:\/\/yoast.com\/product\/yoast-seo-wordpress\/ -->\n<title>Dzi\u0119kujemy bardzo! - Blogu WIKA<\/title>\n<meta name=\"description\" content=\"Dzi\u0119kujemy bardzo! Twoja wiadomo\u015b\u0107 zosta\u0142a wys\u0142ana i zostanie jak najszybciej przekazana do odpowiedniej osoby kontaktowej. Klauzula informacyjna: 1.\u00a0\u00a0\" \/>\n<meta name=\"robots\" content=\"index, follow, max-snippet:-1, max-image-preview:large, max-video-preview:-1\" \/>\n<link rel=\"canonical\" href=\"https:\/\/blog.wika.com\/pl\/dzikujemy-bardzo\/\" \/>\n<meta property=\"og:locale\" content=\"pl_PL\" \/>\n<meta property=\"og:type\" content=\"article\" \/>\n<meta property=\"og:title\" content=\"Dzi\u0119kujemy bardzo! - Blogu WIKA\" \/>\n<meta property=\"og:description\" content=\"Dzi\u0119kujemy bardzo! Twoja wiadomo\u015b\u0107 zosta\u0142a wys\u0142ana i zostanie jak najszybciej przekazana do odpowiedniej osoby kontaktowej. Klauzula informacyjna: 1.\u00a0\u00a0\" \/>\n<meta property=\"og:url\" content=\"https:\/\/blog.wika.com\/pl\/dzikujemy-bardzo\/\" \/>\n<meta property=\"og:site_name\" content=\"Blog WIKA\" \/>\n<meta name=\"twitter:label1\" content=\"Szacowany czas czytania\" \/>\n\t<meta name=\"twitter:data1\" content=\"3 minuty\" \/>\n<script type=\"application\/ld+json\" class=\"yoast-schema-graph\">{\"@context\":\"https:\/\/schema.org\",\"@graph\":[{\"@type\":\"WebPage\",\"@id\":\"https:\/\/blog.wika.com\/pl\/dzikujemy-bardzo\/\",\"url\":\"https:\/\/blog.wika.com\/pl\/dzikujemy-bardzo\/\",\"name\":\"Dzi\u0119kujemy bardzo! - Blogu WIKA\",\"isPartOf\":{\"@id\":\"https:\/\/blog.wika.com\/pl\/#website\"},\"datePublished\":\"2018-12-17T14:44:45+00:00\",\"description\":\"Dzi\u0119kujemy bardzo! Twoja wiadomo\u015b\u0107 zosta\u0142a wys\u0142ana i zostanie jak najszybciej przekazana do odpowiedniej osoby kontaktowej. Klauzula informacyjna: 1.\u00a0\u00a0\",\"breadcrumb\":{\"@id\":\"https:\/\/blog.wika.com\/pl\/dzikujemy-bardzo\/#breadcrumb\"},\"inLanguage\":\"pl-PL\",\"potentialAction\":[{\"@type\":\"ReadAction\",\"target\":[\"https:\/\/blog.wika.com\/pl\/dzikujemy-bardzo\/\"]}]},{\"@type\":\"BreadcrumbList\",\"@id\":\"https:\/\/blog.wika.com\/pl\/dzikujemy-bardzo\/#breadcrumb\",\"itemListElement\":[{\"@type\":\"ListItem\",\"position\":1,\"name\":\"Strona g\u0142\u00f3wna\",\"item\":\"https:\/\/blog.wika.com\/pl\/\"},{\"@type\":\"ListItem\",\"position\":2,\"name\":\"Dzi\u0119kujemy bardzo!\"}]},{\"@type\":\"WebSite\",\"@id\":\"https:\/\/blog.wika.com\/pl\/#website\",\"url\":\"https:\/\/blog.wika.com\/pl\/\",\"name\":\"Blog WIKA\",\"description\":\"W naszym blogu WIKA Polska, mened\u017cerowie produktu poruszaj\u0105 interesuj\u0105ce tematy ze \u015bwiata elektronicznego pomiaru ci\u015bnienia. Odpowiadaj\u0105 na wi\u0119kszo\u015b\u0107 pyta\u0144, kt\u00f3re pojawiaj\u0105 si\u0119 w ich codziennej pracy.\",\"potentialAction\":[{\"@type\":\"SearchAction\",\"target\":{\"@type\":\"EntryPoint\",\"urlTemplate\":\"https:\/\/blog.wika.com\/pl\/?s={search_term_string}\"},\"query-input\":{\"@type\":\"PropertyValueSpecification\",\"valueRequired\":true,\"valueName\":\"search_term_string\"}}],\"inLanguage\":\"pl-PL\"}]}<\/script>\n<!-- \/ Yoast SEO plugin. -->","yoast_head_json":{"title":"Dzi\u0119kujemy bardzo! - Blogu WIKA","description":"Dzi\u0119kujemy bardzo! Twoja wiadomo\u015b\u0107 zosta\u0142a wys\u0142ana i zostanie jak najszybciej przekazana do odpowiedniej osoby kontaktowej. Klauzula informacyjna: 1.\u00a0\u00a0","robots":{"index":"index","follow":"follow","max-snippet":"max-snippet:-1","max-image-preview":"max-image-preview:large","max-video-preview":"max-video-preview:-1"},"canonical":"https:\/\/blog.wika.com\/pl\/dzikujemy-bardzo\/","og_locale":"pl_PL","og_type":"article","og_title":"Dzi\u0119kujemy bardzo! - Blogu WIKA","og_description":"Dzi\u0119kujemy bardzo! Twoja wiadomo\u015b\u0107 zosta\u0142a wys\u0142ana i zostanie jak najszybciej przekazana do odpowiedniej osoby kontaktowej. Klauzula informacyjna: 1.\u00a0\u00a0","og_url":"https:\/\/blog.wika.com\/pl\/dzikujemy-bardzo\/","og_site_name":"Blog WIKA","twitter_misc":{"Szacowany czas czytania":"3 minuty"},"schema":{"@context":"https:\/\/schema.org","@graph":[{"@type":"WebPage","@id":"https:\/\/blog.wika.com\/pl\/dzikujemy-bardzo\/","url":"https:\/\/blog.wika.com\/pl\/dzikujemy-bardzo\/","name":"Dzi\u0119kujemy bardzo! - Blogu WIKA","isPartOf":{"@id":"https:\/\/blog.wika.com\/pl\/#website"},"datePublished":"2018-12-17T14:44:45+00:00","description":"Dzi\u0119kujemy bardzo! Twoja wiadomo\u015b\u0107 zosta\u0142a wys\u0142ana i zostanie jak najszybciej przekazana do odpowiedniej osoby kontaktowej. Klauzula informacyjna: 1.\u00a0\u00a0","breadcrumb":{"@id":"https:\/\/blog.wika.com\/pl\/dzikujemy-bardzo\/#breadcrumb"},"inLanguage":"pl-PL","potentialAction":[{"@type":"ReadAction","target":["https:\/\/blog.wika.com\/pl\/dzikujemy-bardzo\/"]}]},{"@type":"BreadcrumbList","@id":"https:\/\/blog.wika.com\/pl\/dzikujemy-bardzo\/#breadcrumb","itemListElement":[{"@type":"ListItem","position":1,"name":"Strona g\u0142\u00f3wna","item":"https:\/\/blog.wika.com\/pl\/"},{"@type":"ListItem","position":2,"name":"Dzi\u0119kujemy bardzo!"}]},{"@type":"WebSite","@id":"https:\/\/blog.wika.com\/pl\/#website","url":"https:\/\/blog.wika.com\/pl\/","name":"Blog WIKA","description":"W naszym blogu WIKA Polska, mened\u017cerowie produktu poruszaj\u0105 interesuj\u0105ce tematy ze \u015bwiata elektronicznego pomiaru ci\u015bnienia. Odpowiadaj\u0105 na wi\u0119kszo\u015b\u0107 pyta\u0144, kt\u00f3re pojawiaj\u0105 si\u0119 w ich codziennej pracy.","potentialAction":[{"@type":"SearchAction","target":{"@type":"EntryPoint","urlTemplate":"https:\/\/blog.wika.com\/pl\/?s={search_term_string}"},"query-input":{"@type":"PropertyValueSpecification","valueRequired":true,"valueName":"search_term_string"}}],"inLanguage":"pl-PL"}]}},"_links":{"self":[{"href":"https:\/\/blog.wika.com\/pl\/wp-json\/wp\/v2\/pages\/7854","targetHints":{"allow":["GET"]}}],"collection":[{"href":"https:\/\/blog.wika.com\/pl\/wp-json\/wp\/v2\/pages"}],"about":[{"href":"https:\/\/blog.wika.com\/pl\/wp-json\/wp\/v2\/types\/page"}],"author":[{"embeddable":true,"href":"https:\/\/blog.wika.com\/pl\/wp-json\/wp\/v2\/users\/35"}],"replies":[{"embeddable":true,"href":"https:\/\/blog.wika.com\/pl\/wp-json\/wp\/v2\/comments?post=7854"}],"version-history":[{"count":1,"href":"https:\/\/blog.wika.com\/pl\/wp-json\/wp\/v2\/pages\/7854\/revisions"}],"predecessor-version":[{"id":7855,"href":"https:\/\/blog.wika.com\/pl\/wp-json\/wp\/v2\/pages\/7854\/revisions\/7855"}],"wp:attachment":[{"href":"https:\/\/blog.wika.com\/pl\/wp-json\/wp\/v2\/media?parent=7854"}],"curies":[{"name":"wp","href":"https:\/\/api.w.org\/{rel}","templated":true}]}}