{"id":2366,"date":"2012-07-02T13:44:44","date_gmt":"2012-07-02T13:44:44","guid":{"rendered":"http:\/\/preview1.blog.wika.com\/de\/?page_id=2366"},"modified":"2016-12-05T15:09:56","modified_gmt":"2016-12-05T17:09:56","slug":"contato","status":"publish","type":"page","link":"https:\/\/blog.wika.com\/pt\/contato\/","title":{"rendered":"Contato"},"content":{"rendered":"<p>Voc\u00ea tem perguntas, desejos ou sugest\u00f5es, ou voc\u00ea necessita de mais informa\u00e7\u00f5es? Apenas use o seguinte formul\u00e1rio. Ser\u00e1 um prazer ajuda-lo!<\/p>\n<p>[contact-form-7 id=&#8221;5869&#8243;]<\/p>\n<p>&nbsp;<\/p>\n<p>&nbsp;<\/p>\n","protected":false},"excerpt":{"rendered":"<p>Voc\u00ea tem perguntas, desejos ou sugest\u00f5es, ou voc\u00ea necessita de mais informa\u00e7\u00f5es? Apenas use o seguinte formul\u00e1rio. Ser\u00e1 um prazer ajuda-lo! [contact-form-7 id=&#8221;5869&#8243;] &nbsp; &nbsp;<\/p>\n","protected":false},"author":68,"featured_media":0,"parent":0,"menu_order":0,"comment_status":"closed","ping_status":"open","template":"contact.php","meta":{"_acf_changed":false,"footnotes":""},"class_list":["post-2366","page","type-page","status-publish","hentry"],"acf":[],"yoast_head":"<!-- This site is optimized with the Yoast SEO plugin v27.2 - https:\/\/yoast.com\/product\/yoast-seo-wordpress\/ -->\n<title>Contato - WIKA blog<\/title>\n<meta name=\"description\" content=\"Voc\u00ea tem perguntas, desejos ou sugest\u00f5es, ou voc\u00ea necessita de mais informa\u00e7\u00f5es? Apenas use o seguinte formul\u00e1rio. Ser\u00e1 um prazer ajuda-lo!\" \/>\n<meta name=\"robots\" content=\"index, follow, max-snippet:-1, max-image-preview:large, max-video-preview:-1\" \/>\n<link rel=\"canonical\" href=\"https:\/\/blog.wika.com\/pt\/contato\/\" \/>\n<meta property=\"og:locale\" content=\"pt_BR\" \/>\n<meta property=\"og:type\" content=\"article\" \/>\n<meta property=\"og:title\" content=\"Contato - WIKA blog\" \/>\n<meta property=\"og:description\" content=\"Voc\u00ea tem perguntas, desejos ou sugest\u00f5es, ou voc\u00ea necessita de mais informa\u00e7\u00f5es? Apenas use o seguinte formul\u00e1rio. Ser\u00e1 um prazer ajuda-lo!\" \/>\n<meta property=\"og:url\" content=\"https:\/\/blog.wika.com\/pt\/contato\/\" \/>\n<meta property=\"og:site_name\" content=\"WIKA blog\" \/>\n<meta property=\"article:publisher\" content=\"https:\/\/www.facebook.com\/WIKA.BR\" \/>\n<script type=\"application\/ld+json\" class=\"yoast-schema-graph\">{\"@context\":\"https:\/\/schema.org\",\"@graph\":[{\"@type\":\"WebPage\",\"@id\":\"https:\/\/blog.wika.com\/pt\/contato\/\",\"url\":\"https:\/\/blog.wika.com\/pt\/contato\/\",\"name\":\"Contato - WIKA blog\",\"isPartOf\":{\"@id\":\"https:\/\/blog.wika.com\/pt\/#website\"},\"datePublished\":\"2012-07-02T13:44:44+00:00\",\"dateModified\":\"2016-12-05T17:09:56+00:00\",\"description\":\"Voc\u00ea tem perguntas, desejos ou sugest\u00f5es, ou voc\u00ea necessita de mais informa\u00e7\u00f5es? Apenas use o seguinte formul\u00e1rio. Ser\u00e1 um prazer ajuda-lo!\",\"breadcrumb\":{\"@id\":\"https:\/\/blog.wika.com\/pt\/contato\/#breadcrumb\"},\"inLanguage\":\"pt-BR\",\"potentialAction\":[{\"@type\":\"ReadAction\",\"target\":[\"https:\/\/blog.wika.com\/pt\/contato\/\"]}]},{\"@type\":\"BreadcrumbList\",\"@id\":\"https:\/\/blog.wika.com\/pt\/contato\/#breadcrumb\",\"itemListElement\":[{\"@type\":\"ListItem\",\"position\":1,\"name\":\"In\u00edcio\",\"item\":\"https:\/\/blog.wika.com\/pt\/\"},{\"@type\":\"ListItem\",\"position\":2,\"name\":\"Contato\"}]},{\"@type\":\"WebSite\",\"@id\":\"https:\/\/blog.wika.com\/pt\/#website\",\"url\":\"https:\/\/blog.wika.com\/pt\/\",\"name\":\"WIKA blog\",\"description\":\"Artigos interessantes sobre medi\u00e7\u00e3o de press\u00e3o, temperatura, n\u00edvel, for\u00e7a, vaz\u00e3o, SF6 e sobre tecnologia de calibra\u00e7\u00e3o.\",\"potentialAction\":[{\"@type\":\"SearchAction\",\"target\":{\"@type\":\"EntryPoint\",\"urlTemplate\":\"https:\/\/blog.wika.com\/pt\/?s={search_term_string}\"},\"query-input\":{\"@type\":\"PropertyValueSpecification\",\"valueRequired\":true,\"valueName\":\"search_term_string\"}}],\"inLanguage\":\"pt-BR\"}]}<\/script>\n<!-- \/ Yoast SEO plugin. -->","yoast_head_json":{"title":"Contato - WIKA blog","description":"Voc\u00ea tem perguntas, desejos ou sugest\u00f5es, ou voc\u00ea necessita de mais informa\u00e7\u00f5es? Apenas use o seguinte formul\u00e1rio. Ser\u00e1 um prazer ajuda-lo!","robots":{"index":"index","follow":"follow","max-snippet":"max-snippet:-1","max-image-preview":"max-image-preview:large","max-video-preview":"max-video-preview:-1"},"canonical":"https:\/\/blog.wika.com\/pt\/contato\/","og_locale":"pt_BR","og_type":"article","og_title":"Contato - WIKA blog","og_description":"Voc\u00ea tem perguntas, desejos ou sugest\u00f5es, ou voc\u00ea necessita de mais informa\u00e7\u00f5es? Apenas use o seguinte formul\u00e1rio. Ser\u00e1 um prazer ajuda-lo!","og_url":"https:\/\/blog.wika.com\/pt\/contato\/","og_site_name":"WIKA blog","article_publisher":"https:\/\/www.facebook.com\/WIKA.BR","schema":{"@context":"https:\/\/schema.org","@graph":[{"@type":"WebPage","@id":"https:\/\/blog.wika.com\/pt\/contato\/","url":"https:\/\/blog.wika.com\/pt\/contato\/","name":"Contato - WIKA blog","isPartOf":{"@id":"https:\/\/blog.wika.com\/pt\/#website"},"datePublished":"2012-07-02T13:44:44+00:00","dateModified":"2016-12-05T17:09:56+00:00","description":"Voc\u00ea tem perguntas, desejos ou sugest\u00f5es, ou voc\u00ea necessita de mais informa\u00e7\u00f5es? Apenas use o seguinte formul\u00e1rio. Ser\u00e1 um prazer ajuda-lo!","breadcrumb":{"@id":"https:\/\/blog.wika.com\/pt\/contato\/#breadcrumb"},"inLanguage":"pt-BR","potentialAction":[{"@type":"ReadAction","target":["https:\/\/blog.wika.com\/pt\/contato\/"]}]},{"@type":"BreadcrumbList","@id":"https:\/\/blog.wika.com\/pt\/contato\/#breadcrumb","itemListElement":[{"@type":"ListItem","position":1,"name":"In\u00edcio","item":"https:\/\/blog.wika.com\/pt\/"},{"@type":"ListItem","position":2,"name":"Contato"}]},{"@type":"WebSite","@id":"https:\/\/blog.wika.com\/pt\/#website","url":"https:\/\/blog.wika.com\/pt\/","name":"WIKA blog","description":"Artigos interessantes sobre medi\u00e7\u00e3o de press\u00e3o, temperatura, n\u00edvel, for\u00e7a, vaz\u00e3o, SF6 e sobre tecnologia de calibra\u00e7\u00e3o.","potentialAction":[{"@type":"SearchAction","target":{"@type":"EntryPoint","urlTemplate":"https:\/\/blog.wika.com\/pt\/?s={search_term_string}"},"query-input":{"@type":"PropertyValueSpecification","valueRequired":true,"valueName":"search_term_string"}}],"inLanguage":"pt-BR"}]}},"_links":{"self":[{"href":"https:\/\/blog.wika.com\/pt\/wp-json\/wp\/v2\/pages\/2366","targetHints":{"allow":["GET"]}}],"collection":[{"href":"https:\/\/blog.wika.com\/pt\/wp-json\/wp\/v2\/pages"}],"about":[{"href":"https:\/\/blog.wika.com\/pt\/wp-json\/wp\/v2\/types\/page"}],"author":[{"embeddable":true,"href":"https:\/\/blog.wika.com\/pt\/wp-json\/wp\/v2\/users\/68"}],"replies":[{"embeddable":true,"href":"https:\/\/blog.wika.com\/pt\/wp-json\/wp\/v2\/comments?post=2366"}],"version-history":[{"count":5,"href":"https:\/\/blog.wika.com\/pt\/wp-json\/wp\/v2\/pages\/2366\/revisions"}],"predecessor-version":[{"id":6862,"href":"https:\/\/blog.wika.com\/pt\/wp-json\/wp\/v2\/pages\/2366\/revisions\/6862"}],"wp:attachment":[{"href":"https:\/\/blog.wika.com\/pt\/wp-json\/wp\/v2\/media?parent=2366"}],"curies":[{"name":"wp","href":"https:\/\/api.w.org\/{rel}","templated":true}]}}