{"id":2892,"date":"2013-06-26T08:58:26","date_gmt":"2013-06-26T08:58:26","guid":{"rendered":"https:\/\/blog.wika.com\/de\/?page_id=2892"},"modified":"2016-12-05T14:59:55","modified_gmt":"2016-12-05T16:59:55","slug":"guia-rapido-configuracao-wika-lh-20-solicitacao-download","status":"publish","type":"page","link":"https:\/\/blog.wika.com\/pt\/guia-rapido-configuracao-wika-lh-20-solicitacao-download\/","title":{"rendered":"Guia r\u00e1pido de configura\u00e7\u00e3o WIKA LH-20: Solicita\u00e7\u00e3o de download"},"content":{"rendered":"<p>Por favor, \u00a0utilize o seguinte formul\u00e1rio para solicitar o link para baixar o guia r\u00e1pido de configura\u00e7\u00e3o do modelo LH-20.<\/p>\n<p>[contact-form-7 id=&#8221;6867&#8243; title=&#8221;Download PDF LH-20&#8243;]<\/p>\n","protected":false},"excerpt":{"rendered":"<p>Por favor, \u00a0utilize o seguinte formul\u00e1rio para solicitar o link para baixar o guia r\u00e1pido de configura\u00e7\u00e3o do modelo LH-20. [contact-form-7 id=&#8221;6867&#8243; title=&#8221;Download PDF LH-20&#8243;]<\/p>\n","protected":false},"author":68,"featured_media":0,"parent":0,"menu_order":0,"comment_status":"closed","ping_status":"open","template":"","meta":{"_acf_changed":false,"footnotes":""},"class_list":["post-2892","page","type-page","status-publish","hentry"],"acf":[],"yoast_head":"<!-- This site is optimized with the Yoast SEO plugin v27.2 - https:\/\/yoast.com\/product\/yoast-seo-wordpress\/ -->\n<title>Guia r\u00e1pido de configura\u00e7\u00e3o WIKA LH-20: Solicita\u00e7\u00e3o de download - WIKA blog<\/title>\n<meta name=\"description\" content=\"Por favor, \u00a0utilize o seguinte formul\u00e1rio para solicitar o link para baixar o guia r\u00e1pido de configura\u00e7\u00e3o do modelo LH-20.\" \/>\n<meta name=\"robots\" content=\"index, follow, max-snippet:-1, max-image-preview:large, max-video-preview:-1\" \/>\n<link rel=\"canonical\" href=\"https:\/\/blog.wika.com\/pt\/guia-rapido-configuracao-wika-lh-20-solicitacao-download\/\" \/>\n<meta property=\"og:locale\" content=\"pt_BR\" \/>\n<meta property=\"og:type\" content=\"article\" \/>\n<meta property=\"og:title\" content=\"Guia r\u00e1pido de configura\u00e7\u00e3o WIKA LH-20: Solicita\u00e7\u00e3o de download - WIKA blog\" \/>\n<meta property=\"og:description\" content=\"Por favor, \u00a0utilize o seguinte formul\u00e1rio para solicitar o link para baixar o guia r\u00e1pido de configura\u00e7\u00e3o do modelo LH-20.\" \/>\n<meta property=\"og:url\" content=\"https:\/\/blog.wika.com\/pt\/guia-rapido-configuracao-wika-lh-20-solicitacao-download\/\" \/>\n<meta property=\"og:site_name\" content=\"WIKA blog\" \/>\n<meta property=\"article:publisher\" content=\"https:\/\/www.facebook.com\/WIKA.BR\" \/>\n<script type=\"application\/ld+json\" class=\"yoast-schema-graph\">{\"@context\":\"https:\/\/schema.org\",\"@graph\":[{\"@type\":\"WebPage\",\"@id\":\"https:\/\/blog.wika.com\/pt\/guia-rapido-configuracao-wika-lh-20-solicitacao-download\/\",\"url\":\"https:\/\/blog.wika.com\/pt\/guia-rapido-configuracao-wika-lh-20-solicitacao-download\/\",\"name\":\"Guia r\u00e1pido de configura\u00e7\u00e3o WIKA LH-20: Solicita\u00e7\u00e3o de download - WIKA blog\",\"isPartOf\":{\"@id\":\"https:\/\/blog.wika.com\/pt\/#website\"},\"datePublished\":\"2013-06-26T08:58:26+00:00\",\"dateModified\":\"2016-12-05T16:59:55+00:00\",\"description\":\"Por favor, \u00a0utilize o seguinte formul\u00e1rio para solicitar o link para baixar o guia r\u00e1pido de configura\u00e7\u00e3o do modelo LH-20.\",\"breadcrumb\":{\"@id\":\"https:\/\/blog.wika.com\/pt\/guia-rapido-configuracao-wika-lh-20-solicitacao-download\/#breadcrumb\"},\"inLanguage\":\"pt-BR\",\"potentialAction\":[{\"@type\":\"ReadAction\",\"target\":[\"https:\/\/blog.wika.com\/pt\/guia-rapido-configuracao-wika-lh-20-solicitacao-download\/\"]}]},{\"@type\":\"BreadcrumbList\",\"@id\":\"https:\/\/blog.wika.com\/pt\/guia-rapido-configuracao-wika-lh-20-solicitacao-download\/#breadcrumb\",\"itemListElement\":[{\"@type\":\"ListItem\",\"position\":1,\"name\":\"In\u00edcio\",\"item\":\"https:\/\/blog.wika.com\/pt\/\"},{\"@type\":\"ListItem\",\"position\":2,\"name\":\"Guia r\u00e1pido de configura\u00e7\u00e3o WIKA LH-20: Solicita\u00e7\u00e3o de download\"}]},{\"@type\":\"WebSite\",\"@id\":\"https:\/\/blog.wika.com\/pt\/#website\",\"url\":\"https:\/\/blog.wika.com\/pt\/\",\"name\":\"WIKA blog\",\"description\":\"Artigos interessantes sobre medi\u00e7\u00e3o de press\u00e3o, temperatura, n\u00edvel, for\u00e7a, vaz\u00e3o, SF6 e sobre tecnologia de calibra\u00e7\u00e3o.\",\"potentialAction\":[{\"@type\":\"SearchAction\",\"target\":{\"@type\":\"EntryPoint\",\"urlTemplate\":\"https:\/\/blog.wika.com\/pt\/?s={search_term_string}\"},\"query-input\":{\"@type\":\"PropertyValueSpecification\",\"valueRequired\":true,\"valueName\":\"search_term_string\"}}],\"inLanguage\":\"pt-BR\"}]}<\/script>\n<!-- \/ Yoast SEO plugin. -->","yoast_head_json":{"title":"Guia r\u00e1pido de configura\u00e7\u00e3o WIKA LH-20: Solicita\u00e7\u00e3o de download - WIKA blog","description":"Por favor, \u00a0utilize o seguinte formul\u00e1rio para solicitar o link para baixar o guia r\u00e1pido de configura\u00e7\u00e3o do modelo LH-20.","robots":{"index":"index","follow":"follow","max-snippet":"max-snippet:-1","max-image-preview":"max-image-preview:large","max-video-preview":"max-video-preview:-1"},"canonical":"https:\/\/blog.wika.com\/pt\/guia-rapido-configuracao-wika-lh-20-solicitacao-download\/","og_locale":"pt_BR","og_type":"article","og_title":"Guia r\u00e1pido de configura\u00e7\u00e3o WIKA LH-20: Solicita\u00e7\u00e3o de download - WIKA blog","og_description":"Por favor, \u00a0utilize o seguinte formul\u00e1rio para solicitar o link para baixar o guia r\u00e1pido de configura\u00e7\u00e3o do modelo LH-20.","og_url":"https:\/\/blog.wika.com\/pt\/guia-rapido-configuracao-wika-lh-20-solicitacao-download\/","og_site_name":"WIKA blog","article_publisher":"https:\/\/www.facebook.com\/WIKA.BR","schema":{"@context":"https:\/\/schema.org","@graph":[{"@type":"WebPage","@id":"https:\/\/blog.wika.com\/pt\/guia-rapido-configuracao-wika-lh-20-solicitacao-download\/","url":"https:\/\/blog.wika.com\/pt\/guia-rapido-configuracao-wika-lh-20-solicitacao-download\/","name":"Guia r\u00e1pido de configura\u00e7\u00e3o WIKA LH-20: Solicita\u00e7\u00e3o de download - WIKA blog","isPartOf":{"@id":"https:\/\/blog.wika.com\/pt\/#website"},"datePublished":"2013-06-26T08:58:26+00:00","dateModified":"2016-12-05T16:59:55+00:00","description":"Por favor, \u00a0utilize o seguinte formul\u00e1rio para solicitar o link para baixar o guia r\u00e1pido de configura\u00e7\u00e3o do modelo LH-20.","breadcrumb":{"@id":"https:\/\/blog.wika.com\/pt\/guia-rapido-configuracao-wika-lh-20-solicitacao-download\/#breadcrumb"},"inLanguage":"pt-BR","potentialAction":[{"@type":"ReadAction","target":["https:\/\/blog.wika.com\/pt\/guia-rapido-configuracao-wika-lh-20-solicitacao-download\/"]}]},{"@type":"BreadcrumbList","@id":"https:\/\/blog.wika.com\/pt\/guia-rapido-configuracao-wika-lh-20-solicitacao-download\/#breadcrumb","itemListElement":[{"@type":"ListItem","position":1,"name":"In\u00edcio","item":"https:\/\/blog.wika.com\/pt\/"},{"@type":"ListItem","position":2,"name":"Guia r\u00e1pido de configura\u00e7\u00e3o WIKA LH-20: Solicita\u00e7\u00e3o de download"}]},{"@type":"WebSite","@id":"https:\/\/blog.wika.com\/pt\/#website","url":"https:\/\/blog.wika.com\/pt\/","name":"WIKA blog","description":"Artigos interessantes sobre medi\u00e7\u00e3o de press\u00e3o, temperatura, n\u00edvel, for\u00e7a, vaz\u00e3o, SF6 e sobre tecnologia de calibra\u00e7\u00e3o.","potentialAction":[{"@type":"SearchAction","target":{"@type":"EntryPoint","urlTemplate":"https:\/\/blog.wika.com\/pt\/?s={search_term_string}"},"query-input":{"@type":"PropertyValueSpecification","valueRequired":true,"valueName":"search_term_string"}}],"inLanguage":"pt-BR"}]}},"_links":{"self":[{"href":"https:\/\/blog.wika.com\/pt\/wp-json\/wp\/v2\/pages\/2892","targetHints":{"allow":["GET"]}}],"collection":[{"href":"https:\/\/blog.wika.com\/pt\/wp-json\/wp\/v2\/pages"}],"about":[{"href":"https:\/\/blog.wika.com\/pt\/wp-json\/wp\/v2\/types\/page"}],"author":[{"embeddable":true,"href":"https:\/\/blog.wika.com\/pt\/wp-json\/wp\/v2\/users\/68"}],"replies":[{"embeddable":true,"href":"https:\/\/blog.wika.com\/pt\/wp-json\/wp\/v2\/comments?post=2892"}],"version-history":[{"count":3,"href":"https:\/\/blog.wika.com\/pt\/wp-json\/wp\/v2\/pages\/2892\/revisions"}],"predecessor-version":[{"id":7088,"href":"https:\/\/blog.wika.com\/pt\/wp-json\/wp\/v2\/pages\/2892\/revisions\/7088"}],"wp:attachment":[{"href":"https:\/\/blog.wika.com\/pt\/wp-json\/wp\/v2\/media?parent=2892"}],"curies":[{"name":"wp","href":"https:\/\/api.w.org\/{rel}","templated":true}]}}