{"id":3348,"date":"2014-08-06T05:42:48","date_gmt":"2014-08-06T05:42:48","guid":{"rendered":"https:\/\/blog.wika.com\/de\/?page_id=3348"},"modified":"2016-12-05T15:10:37","modified_gmt":"2016-12-05T17:10:37","slug":"download-pdf-prova-seguranca-intrinseca-il-10","status":"publish","type":"page","link":"https:\/\/blog.wika.com\/pt\/download-pdf-prova-seguranca-intrinseca-il-10\/","title":{"rendered":"Download PDF &#8211; Prova da seguran\u00e7a intr\u00ednseca IL-10"},"content":{"rendered":"<p>Por favor, utilize o seguinte formul\u00e1rio para receber o link de download com a prova de seguran\u00e7a intr\u00ednseca do modelo IL-10.<\/p>\n<p>[contact-form-7 id=&#8221;3346&#8243; title=&#8221;Download PDF &#8211; Prova da seguran\u00e7a intr\u00ednseca IL-10&#8243;]<\/p>\n","protected":false},"excerpt":{"rendered":"<p>Por favor, utilize o seguinte formul\u00e1rio para receber o link de download com a prova de seguran\u00e7a intr\u00ednseca do modelo IL-10. [contact-form-7 id=&#8221;3346&#8243; title=&#8221;Download PDF &#8211; Prova da seguran\u00e7a intr\u00ednseca IL-10&#8243;]<\/p>\n","protected":false},"author":68,"featured_media":0,"parent":0,"menu_order":0,"comment_status":"closed","ping_status":"open","template":"","meta":{"_acf_changed":false,"footnotes":""},"class_list":["post-3348","page","type-page","status-publish","hentry"],"acf":[],"yoast_head":"<!-- This site is optimized with the Yoast SEO plugin v27.2 - https:\/\/yoast.com\/product\/yoast-seo-wordpress\/ -->\n<title>Download PDF - Prova da seguran\u00e7a intr\u00ednseca IL-10 - WIKA blog<\/title>\n<meta name=\"description\" content=\"Por favor, utilize o seguinte formul\u00e1rio para receber o link de download com a prova de seguran\u00e7a intr\u00ednseca do modelo IL-10.\" \/>\n<meta name=\"robots\" content=\"index, follow, max-snippet:-1, max-image-preview:large, max-video-preview:-1\" \/>\n<link rel=\"canonical\" href=\"https:\/\/blog.wika.com\/pt\/download-pdf-prova-seguranca-intrinseca-il-10\/\" \/>\n<meta property=\"og:locale\" content=\"pt_BR\" \/>\n<meta property=\"og:type\" content=\"article\" \/>\n<meta property=\"og:title\" content=\"Download PDF - Prova da seguran\u00e7a intr\u00ednseca IL-10 - WIKA blog\" \/>\n<meta property=\"og:description\" content=\"Por favor, utilize o seguinte formul\u00e1rio para receber o link de download com a prova de seguran\u00e7a intr\u00ednseca do modelo IL-10.\" \/>\n<meta property=\"og:url\" content=\"https:\/\/blog.wika.com\/pt\/download-pdf-prova-seguranca-intrinseca-il-10\/\" \/>\n<meta property=\"og:site_name\" content=\"WIKA blog\" \/>\n<meta property=\"article:publisher\" content=\"https:\/\/www.facebook.com\/WIKA.BR\" \/>\n<script type=\"application\/ld+json\" class=\"yoast-schema-graph\">{\"@context\":\"https:\/\/schema.org\",\"@graph\":[{\"@type\":\"WebPage\",\"@id\":\"https:\/\/blog.wika.com\/pt\/download-pdf-prova-seguranca-intrinseca-il-10\/\",\"url\":\"https:\/\/blog.wika.com\/pt\/download-pdf-prova-seguranca-intrinseca-il-10\/\",\"name\":\"Download PDF - Prova da seguran\u00e7a intr\u00ednseca IL-10 - WIKA blog\",\"isPartOf\":{\"@id\":\"https:\/\/blog.wika.com\/pt\/#website\"},\"datePublished\":\"2014-08-06T05:42:48+00:00\",\"dateModified\":\"2016-12-05T17:10:37+00:00\",\"description\":\"Por favor, utilize o seguinte formul\u00e1rio para receber o link de download com a prova de seguran\u00e7a intr\u00ednseca do modelo IL-10.\",\"breadcrumb\":{\"@id\":\"https:\/\/blog.wika.com\/pt\/download-pdf-prova-seguranca-intrinseca-il-10\/#breadcrumb\"},\"inLanguage\":\"pt-BR\",\"potentialAction\":[{\"@type\":\"ReadAction\",\"target\":[\"https:\/\/blog.wika.com\/pt\/download-pdf-prova-seguranca-intrinseca-il-10\/\"]}]},{\"@type\":\"BreadcrumbList\",\"@id\":\"https:\/\/blog.wika.com\/pt\/download-pdf-prova-seguranca-intrinseca-il-10\/#breadcrumb\",\"itemListElement\":[{\"@type\":\"ListItem\",\"position\":1,\"name\":\"In\u00edcio\",\"item\":\"https:\/\/blog.wika.com\/pt\/\"},{\"@type\":\"ListItem\",\"position\":2,\"name\":\"Download PDF &#8211; Prova da seguran\u00e7a intr\u00ednseca IL-10\"}]},{\"@type\":\"WebSite\",\"@id\":\"https:\/\/blog.wika.com\/pt\/#website\",\"url\":\"https:\/\/blog.wika.com\/pt\/\",\"name\":\"WIKA blog\",\"description\":\"Artigos interessantes sobre medi\u00e7\u00e3o de press\u00e3o, temperatura, n\u00edvel, for\u00e7a, vaz\u00e3o, SF6 e sobre tecnologia de calibra\u00e7\u00e3o.\",\"potentialAction\":[{\"@type\":\"SearchAction\",\"target\":{\"@type\":\"EntryPoint\",\"urlTemplate\":\"https:\/\/blog.wika.com\/pt\/?s={search_term_string}\"},\"query-input\":{\"@type\":\"PropertyValueSpecification\",\"valueRequired\":true,\"valueName\":\"search_term_string\"}}],\"inLanguage\":\"pt-BR\"}]}<\/script>\n<!-- \/ Yoast SEO plugin. -->","yoast_head_json":{"title":"Download PDF - Prova da seguran\u00e7a intr\u00ednseca IL-10 - WIKA blog","description":"Por favor, utilize o seguinte formul\u00e1rio para receber o link de download com a prova de seguran\u00e7a intr\u00ednseca do modelo IL-10.","robots":{"index":"index","follow":"follow","max-snippet":"max-snippet:-1","max-image-preview":"max-image-preview:large","max-video-preview":"max-video-preview:-1"},"canonical":"https:\/\/blog.wika.com\/pt\/download-pdf-prova-seguranca-intrinseca-il-10\/","og_locale":"pt_BR","og_type":"article","og_title":"Download PDF - Prova da seguran\u00e7a intr\u00ednseca IL-10 - WIKA blog","og_description":"Por favor, utilize o seguinte formul\u00e1rio para receber o link de download com a prova de seguran\u00e7a intr\u00ednseca do modelo IL-10.","og_url":"https:\/\/blog.wika.com\/pt\/download-pdf-prova-seguranca-intrinseca-il-10\/","og_site_name":"WIKA blog","article_publisher":"https:\/\/www.facebook.com\/WIKA.BR","schema":{"@context":"https:\/\/schema.org","@graph":[{"@type":"WebPage","@id":"https:\/\/blog.wika.com\/pt\/download-pdf-prova-seguranca-intrinseca-il-10\/","url":"https:\/\/blog.wika.com\/pt\/download-pdf-prova-seguranca-intrinseca-il-10\/","name":"Download PDF - Prova da seguran\u00e7a intr\u00ednseca IL-10 - WIKA blog","isPartOf":{"@id":"https:\/\/blog.wika.com\/pt\/#website"},"datePublished":"2014-08-06T05:42:48+00:00","dateModified":"2016-12-05T17:10:37+00:00","description":"Por favor, utilize o seguinte formul\u00e1rio para receber o link de download com a prova de seguran\u00e7a intr\u00ednseca do modelo IL-10.","breadcrumb":{"@id":"https:\/\/blog.wika.com\/pt\/download-pdf-prova-seguranca-intrinseca-il-10\/#breadcrumb"},"inLanguage":"pt-BR","potentialAction":[{"@type":"ReadAction","target":["https:\/\/blog.wika.com\/pt\/download-pdf-prova-seguranca-intrinseca-il-10\/"]}]},{"@type":"BreadcrumbList","@id":"https:\/\/blog.wika.com\/pt\/download-pdf-prova-seguranca-intrinseca-il-10\/#breadcrumb","itemListElement":[{"@type":"ListItem","position":1,"name":"In\u00edcio","item":"https:\/\/blog.wika.com\/pt\/"},{"@type":"ListItem","position":2,"name":"Download PDF &#8211; Prova da seguran\u00e7a intr\u00ednseca IL-10"}]},{"@type":"WebSite","@id":"https:\/\/blog.wika.com\/pt\/#website","url":"https:\/\/blog.wika.com\/pt\/","name":"WIKA blog","description":"Artigos interessantes sobre medi\u00e7\u00e3o de press\u00e3o, temperatura, n\u00edvel, for\u00e7a, vaz\u00e3o, SF6 e sobre tecnologia de calibra\u00e7\u00e3o.","potentialAction":[{"@type":"SearchAction","target":{"@type":"EntryPoint","urlTemplate":"https:\/\/blog.wika.com\/pt\/?s={search_term_string}"},"query-input":{"@type":"PropertyValueSpecification","valueRequired":true,"valueName":"search_term_string"}}],"inLanguage":"pt-BR"}]}},"_links":{"self":[{"href":"https:\/\/blog.wika.com\/pt\/wp-json\/wp\/v2\/pages\/3348","targetHints":{"allow":["GET"]}}],"collection":[{"href":"https:\/\/blog.wika.com\/pt\/wp-json\/wp\/v2\/pages"}],"about":[{"href":"https:\/\/blog.wika.com\/pt\/wp-json\/wp\/v2\/types\/page"}],"author":[{"embeddable":true,"href":"https:\/\/blog.wika.com\/pt\/wp-json\/wp\/v2\/users\/68"}],"replies":[{"embeddable":true,"href":"https:\/\/blog.wika.com\/pt\/wp-json\/wp\/v2\/comments?post=3348"}],"version-history":[{"count":2,"href":"https:\/\/blog.wika.com\/pt\/wp-json\/wp\/v2\/pages\/3348\/revisions"}],"predecessor-version":[{"id":7076,"href":"https:\/\/blog.wika.com\/pt\/wp-json\/wp\/v2\/pages\/3348\/revisions\/7076"}],"wp:attachment":[{"href":"https:\/\/blog.wika.com\/pt\/wp-json\/wp\/v2\/media?parent=3348"}],"curies":[{"name":"wp","href":"https:\/\/api.w.org\/{rel}","templated":true}]}}