{"id":4039,"date":"2015-03-11T09:12:09","date_gmt":"2015-03-11T09:12:09","guid":{"rendered":"https:\/\/blog.wika.com\/de\/?page_id=4039"},"modified":"2021-05-20T11:22:40","modified_gmt":"2021-05-20T14:22:40","slug":"news-subscription","status":"publish","type":"page","link":"https:\/\/blog.wika.com\/pt\/news-subscription\/","title":{"rendered":"Assinatura de novidades"},"content":{"rendered":"<p><span>A assinatura de novidades WIKA \u00e9 gratuita e informa via e-mail sobre novos artigos postados no blog. \u00c9 simples: defina os t\u00f3picos de seu interesse e mantenha-se atualizado!<\/span><\/p>\n<p>[stc-subscribe treeview_folded=&#8221;false&#8221; treeview_enabled=&#8221;false&#8221;]<\/p>\n<p>&nbsp;<\/p>\n","protected":false},"excerpt":{"rendered":"<p>A assinatura de novidades WIKA \u00e9 gratuita e informa via e-mail sobre novos artigos postados no blog. \u00c9 simples: defina os t\u00f3picos de seu interesse e mantenha-se atualizado! [stc-subscribe treeview_folded=&#8221;false&#8221; treeview_enabled=&#8221;false&#8221;] &nbsp;<\/p>\n","protected":false},"author":68,"featured_media":0,"parent":0,"menu_order":0,"comment_status":"open","ping_status":"open","template":"","meta":{"_acf_changed":false,"footnotes":""},"class_list":["post-4039","page","type-page","status-publish","hentry"],"acf":[],"yoast_head":"<!-- This site is optimized with the Yoast SEO plugin v27.2 - https:\/\/yoast.com\/product\/yoast-seo-wordpress\/ -->\n<title>Assinatura de novidades WIKA - WIKA blog<\/title>\n<meta name=\"description\" content=\"A assinatura de novidades WIKA informa via e-mail, assim que um novo artigo est\u00e1 dispon\u00edvel no blog. Apenas define os temas do seu interesse e n\u00f3s manteremos voc\u00ea atualizado!\" \/>\n<meta name=\"robots\" content=\"index, follow, max-snippet:-1, max-image-preview:large, max-video-preview:-1\" \/>\n<link rel=\"canonical\" href=\"https:\/\/blog.wika.com\/pt\/news-subscription\/\" \/>\n<meta property=\"og:locale\" content=\"pt_BR\" \/>\n<meta property=\"og:type\" content=\"article\" \/>\n<meta property=\"og:title\" content=\"Assinatura de novidades WIKA - WIKA blog\" \/>\n<meta property=\"og:description\" content=\"A assinatura de novidades WIKA informa via e-mail, assim que um novo artigo est\u00e1 dispon\u00edvel no blog. Apenas define os temas do seu interesse e n\u00f3s manteremos voc\u00ea atualizado!\" \/>\n<meta property=\"og:url\" content=\"https:\/\/blog.wika.com\/pt\/news-subscription\/\" \/>\n<meta property=\"og:site_name\" content=\"WIKA blog\" \/>\n<meta property=\"article:publisher\" content=\"https:\/\/www.facebook.com\/WIKA.BR\" \/>\n<meta name=\"twitter:label1\" content=\"Est. tempo de leitura\" \/>\n\t<meta name=\"twitter:data1\" content=\"1 minuto\" \/>\n<script type=\"application\/ld+json\" class=\"yoast-schema-graph\">{\"@context\":\"https:\/\/schema.org\",\"@graph\":[{\"@type\":\"WebPage\",\"@id\":\"https:\/\/blog.wika.com\/pt\/news-subscription\/\",\"url\":\"https:\/\/blog.wika.com\/pt\/news-subscription\/\",\"name\":\"Assinatura de novidades WIKA - WIKA blog\",\"isPartOf\":{\"@id\":\"https:\/\/blog.wika.com\/pt\/#website\"},\"datePublished\":\"2015-03-11T09:12:09+00:00\",\"dateModified\":\"2021-05-20T14:22:40+00:00\",\"description\":\"A assinatura de novidades WIKA informa via e-mail, assim que um novo artigo est\u00e1 dispon\u00edvel no blog. Apenas define os temas do seu interesse e n\u00f3s manteremos voc\u00ea atualizado!\",\"breadcrumb\":{\"@id\":\"https:\/\/blog.wika.com\/pt\/news-subscription\/#breadcrumb\"},\"inLanguage\":\"pt-BR\",\"potentialAction\":[{\"@type\":\"ReadAction\",\"target\":[\"https:\/\/blog.wika.com\/pt\/news-subscription\/\"]}]},{\"@type\":\"BreadcrumbList\",\"@id\":\"https:\/\/blog.wika.com\/pt\/news-subscription\/#breadcrumb\",\"itemListElement\":[{\"@type\":\"ListItem\",\"position\":1,\"name\":\"In\u00edcio\",\"item\":\"https:\/\/blog.wika.com\/pt\/\"},{\"@type\":\"ListItem\",\"position\":2,\"name\":\"Assinatura de novidades\"}]},{\"@type\":\"WebSite\",\"@id\":\"https:\/\/blog.wika.com\/pt\/#website\",\"url\":\"https:\/\/blog.wika.com\/pt\/\",\"name\":\"WIKA blog\",\"description\":\"Artigos interessantes sobre medi\u00e7\u00e3o de press\u00e3o, temperatura, n\u00edvel, for\u00e7a, vaz\u00e3o, SF6 e sobre tecnologia de calibra\u00e7\u00e3o.\",\"potentialAction\":[{\"@type\":\"SearchAction\",\"target\":{\"@type\":\"EntryPoint\",\"urlTemplate\":\"https:\/\/blog.wika.com\/pt\/?s={search_term_string}\"},\"query-input\":{\"@type\":\"PropertyValueSpecification\",\"valueRequired\":true,\"valueName\":\"search_term_string\"}}],\"inLanguage\":\"pt-BR\"}]}<\/script>\n<!-- \/ Yoast SEO plugin. -->","yoast_head_json":{"title":"Assinatura de novidades WIKA - WIKA blog","description":"A assinatura de novidades WIKA informa via e-mail, assim que um novo artigo est\u00e1 dispon\u00edvel no blog. Apenas define os temas do seu interesse e n\u00f3s manteremos voc\u00ea atualizado!","robots":{"index":"index","follow":"follow","max-snippet":"max-snippet:-1","max-image-preview":"max-image-preview:large","max-video-preview":"max-video-preview:-1"},"canonical":"https:\/\/blog.wika.com\/pt\/news-subscription\/","og_locale":"pt_BR","og_type":"article","og_title":"Assinatura de novidades WIKA - WIKA blog","og_description":"A assinatura de novidades WIKA informa via e-mail, assim que um novo artigo est\u00e1 dispon\u00edvel no blog. Apenas define os temas do seu interesse e n\u00f3s manteremos voc\u00ea atualizado!","og_url":"https:\/\/blog.wika.com\/pt\/news-subscription\/","og_site_name":"WIKA blog","article_publisher":"https:\/\/www.facebook.com\/WIKA.BR","twitter_misc":{"Est. tempo de leitura":"1 minuto"},"schema":{"@context":"https:\/\/schema.org","@graph":[{"@type":"WebPage","@id":"https:\/\/blog.wika.com\/pt\/news-subscription\/","url":"https:\/\/blog.wika.com\/pt\/news-subscription\/","name":"Assinatura de novidades WIKA - WIKA blog","isPartOf":{"@id":"https:\/\/blog.wika.com\/pt\/#website"},"datePublished":"2015-03-11T09:12:09+00:00","dateModified":"2021-05-20T14:22:40+00:00","description":"A assinatura de novidades WIKA informa via e-mail, assim que um novo artigo est\u00e1 dispon\u00edvel no blog. Apenas define os temas do seu interesse e n\u00f3s manteremos voc\u00ea atualizado!","breadcrumb":{"@id":"https:\/\/blog.wika.com\/pt\/news-subscription\/#breadcrumb"},"inLanguage":"pt-BR","potentialAction":[{"@type":"ReadAction","target":["https:\/\/blog.wika.com\/pt\/news-subscription\/"]}]},{"@type":"BreadcrumbList","@id":"https:\/\/blog.wika.com\/pt\/news-subscription\/#breadcrumb","itemListElement":[{"@type":"ListItem","position":1,"name":"In\u00edcio","item":"https:\/\/blog.wika.com\/pt\/"},{"@type":"ListItem","position":2,"name":"Assinatura de novidades"}]},{"@type":"WebSite","@id":"https:\/\/blog.wika.com\/pt\/#website","url":"https:\/\/blog.wika.com\/pt\/","name":"WIKA blog","description":"Artigos interessantes sobre medi\u00e7\u00e3o de press\u00e3o, temperatura, n\u00edvel, for\u00e7a, vaz\u00e3o, SF6 e sobre tecnologia de calibra\u00e7\u00e3o.","potentialAction":[{"@type":"SearchAction","target":{"@type":"EntryPoint","urlTemplate":"https:\/\/blog.wika.com\/pt\/?s={search_term_string}"},"query-input":{"@type":"PropertyValueSpecification","valueRequired":true,"valueName":"search_term_string"}}],"inLanguage":"pt-BR"}]}},"_links":{"self":[{"href":"https:\/\/blog.wika.com\/pt\/wp-json\/wp\/v2\/pages\/4039","targetHints":{"allow":["GET"]}}],"collection":[{"href":"https:\/\/blog.wika.com\/pt\/wp-json\/wp\/v2\/pages"}],"about":[{"href":"https:\/\/blog.wika.com\/pt\/wp-json\/wp\/v2\/types\/page"}],"author":[{"embeddable":true,"href":"https:\/\/blog.wika.com\/pt\/wp-json\/wp\/v2\/users\/68"}],"replies":[{"embeddable":true,"href":"https:\/\/blog.wika.com\/pt\/wp-json\/wp\/v2\/comments?post=4039"}],"version-history":[{"count":7,"href":"https:\/\/blog.wika.com\/pt\/wp-json\/wp\/v2\/pages\/4039\/revisions"}],"predecessor-version":[{"id":9713,"href":"https:\/\/blog.wika.com\/pt\/wp-json\/wp\/v2\/pages\/4039\/revisions\/9713"}],"wp:attachment":[{"href":"https:\/\/blog.wika.com\/pt\/wp-json\/wp\/v2\/media?parent=4039"}],"curies":[{"name":"wp","href":"https:\/\/api.w.org\/{rel}","templated":true}]}}