{"id":87,"date":"2009-08-03T12:19:33","date_gmt":"2009-08-03T15:19:33","guid":{"rendered":"https:\/\/blog.wika.com\/de\/?page_id=87"},"modified":"2016-12-05T15:09:56","modified_gmt":"2016-12-05T17:09:56","slug":"equipe-autores","status":"publish","type":"page","link":"https:\/\/blog.wika.com\/pt\/equipe-autores\/","title":{"rendered":"Equipe de autores atuais"},"content":{"rendered":"","protected":false},"excerpt":{"rendered":"","protected":false},"author":68,"featured_media":0,"parent":0,"menu_order":1,"comment_status":"closed","ping_status":"closed","template":"authors2.php","meta":{"_acf_changed":false,"footnotes":""},"class_list":["post-87","page","type-page","status-publish","hentry"],"acf":[],"yoast_head":"<!-- This site is optimized with the Yoast SEO plugin v27.2 - https:\/\/yoast.com\/product\/yoast-seo-wordpress\/ -->\n<title>Equipe de autores atuais - WIKA blog<\/title>\n<meta name=\"description\" content=\"Sie haben Fragen an einen unserer Autoren? Oder wollen wissen wer hinter den Artikeln steckt!\" \/>\n<meta name=\"robots\" content=\"index, follow, max-snippet:-1, max-image-preview:large, max-video-preview:-1\" \/>\n<link rel=\"canonical\" href=\"https:\/\/blog.wika.com\/pt\/equipe-autores\/\" \/>\n<meta property=\"og:locale\" content=\"pt_BR\" \/>\n<meta property=\"og:type\" content=\"article\" \/>\n<meta property=\"og:title\" content=\"Equipe de autores atuais - WIKA blog\" \/>\n<meta property=\"og:description\" content=\"Sie haben Fragen an einen unserer Autoren? Oder wollen wissen wer hinter den Artikeln steckt!\" \/>\n<meta property=\"og:url\" content=\"https:\/\/blog.wika.com\/pt\/equipe-autores\/\" \/>\n<meta property=\"og:site_name\" content=\"WIKA blog\" \/>\n<meta property=\"article:publisher\" content=\"https:\/\/www.facebook.com\/WIKA.BR\" \/>\n<script type=\"application\/ld+json\" class=\"yoast-schema-graph\">{\"@context\":\"https:\/\/schema.org\",\"@graph\":[{\"@type\":\"WebPage\",\"@id\":\"https:\/\/blog.wika.com\/pt\/equipe-autores\/\",\"url\":\"https:\/\/blog.wika.com\/pt\/equipe-autores\/\",\"name\":\"Equipe de autores atuais - WIKA blog\",\"isPartOf\":{\"@id\":\"https:\/\/blog.wika.com\/pt\/#website\"},\"datePublished\":\"2009-08-03T15:19:33+00:00\",\"dateModified\":\"2016-12-05T17:09:56+00:00\",\"description\":\"Sie haben Fragen an einen unserer Autoren? Oder wollen wissen wer hinter den Artikeln steckt!\",\"breadcrumb\":{\"@id\":\"https:\/\/blog.wika.com\/pt\/equipe-autores\/#breadcrumb\"},\"inLanguage\":\"pt-BR\",\"potentialAction\":[{\"@type\":\"ReadAction\",\"target\":[\"https:\/\/blog.wika.com\/pt\/equipe-autores\/\"]}]},{\"@type\":\"BreadcrumbList\",\"@id\":\"https:\/\/blog.wika.com\/pt\/equipe-autores\/#breadcrumb\",\"itemListElement\":[{\"@type\":\"ListItem\",\"position\":1,\"name\":\"In\u00edcio\",\"item\":\"https:\/\/blog.wika.com\/pt\/\"},{\"@type\":\"ListItem\",\"position\":2,\"name\":\"Equipe de autores atuais\"}]},{\"@type\":\"WebSite\",\"@id\":\"https:\/\/blog.wika.com\/pt\/#website\",\"url\":\"https:\/\/blog.wika.com\/pt\/\",\"name\":\"WIKA blog\",\"description\":\"Artigos interessantes sobre medi\u00e7\u00e3o de press\u00e3o, temperatura, n\u00edvel, for\u00e7a, vaz\u00e3o, SF6 e sobre tecnologia de calibra\u00e7\u00e3o.\",\"potentialAction\":[{\"@type\":\"SearchAction\",\"target\":{\"@type\":\"EntryPoint\",\"urlTemplate\":\"https:\/\/blog.wika.com\/pt\/?s={search_term_string}\"},\"query-input\":{\"@type\":\"PropertyValueSpecification\",\"valueRequired\":true,\"valueName\":\"search_term_string\"}}],\"inLanguage\":\"pt-BR\"}]}<\/script>\n<!-- \/ Yoast SEO plugin. -->","yoast_head_json":{"title":"Equipe de autores atuais - WIKA blog","description":"Sie haben Fragen an einen unserer Autoren? Oder wollen wissen wer hinter den Artikeln steckt!","robots":{"index":"index","follow":"follow","max-snippet":"max-snippet:-1","max-image-preview":"max-image-preview:large","max-video-preview":"max-video-preview:-1"},"canonical":"https:\/\/blog.wika.com\/pt\/equipe-autores\/","og_locale":"pt_BR","og_type":"article","og_title":"Equipe de autores atuais - WIKA blog","og_description":"Sie haben Fragen an einen unserer Autoren? Oder wollen wissen wer hinter den Artikeln steckt!","og_url":"https:\/\/blog.wika.com\/pt\/equipe-autores\/","og_site_name":"WIKA blog","article_publisher":"https:\/\/www.facebook.com\/WIKA.BR","schema":{"@context":"https:\/\/schema.org","@graph":[{"@type":"WebPage","@id":"https:\/\/blog.wika.com\/pt\/equipe-autores\/","url":"https:\/\/blog.wika.com\/pt\/equipe-autores\/","name":"Equipe de autores atuais - WIKA blog","isPartOf":{"@id":"https:\/\/blog.wika.com\/pt\/#website"},"datePublished":"2009-08-03T15:19:33+00:00","dateModified":"2016-12-05T17:09:56+00:00","description":"Sie haben Fragen an einen unserer Autoren? Oder wollen wissen wer hinter den Artikeln steckt!","breadcrumb":{"@id":"https:\/\/blog.wika.com\/pt\/equipe-autores\/#breadcrumb"},"inLanguage":"pt-BR","potentialAction":[{"@type":"ReadAction","target":["https:\/\/blog.wika.com\/pt\/equipe-autores\/"]}]},{"@type":"BreadcrumbList","@id":"https:\/\/blog.wika.com\/pt\/equipe-autores\/#breadcrumb","itemListElement":[{"@type":"ListItem","position":1,"name":"In\u00edcio","item":"https:\/\/blog.wika.com\/pt\/"},{"@type":"ListItem","position":2,"name":"Equipe de autores atuais"}]},{"@type":"WebSite","@id":"https:\/\/blog.wika.com\/pt\/#website","url":"https:\/\/blog.wika.com\/pt\/","name":"WIKA blog","description":"Artigos interessantes sobre medi\u00e7\u00e3o de press\u00e3o, temperatura, n\u00edvel, for\u00e7a, vaz\u00e3o, SF6 e sobre tecnologia de calibra\u00e7\u00e3o.","potentialAction":[{"@type":"SearchAction","target":{"@type":"EntryPoint","urlTemplate":"https:\/\/blog.wika.com\/pt\/?s={search_term_string}"},"query-input":{"@type":"PropertyValueSpecification","valueRequired":true,"valueName":"search_term_string"}}],"inLanguage":"pt-BR"}]}},"_links":{"self":[{"href":"https:\/\/blog.wika.com\/pt\/wp-json\/wp\/v2\/pages\/87","targetHints":{"allow":["GET"]}}],"collection":[{"href":"https:\/\/blog.wika.com\/pt\/wp-json\/wp\/v2\/pages"}],"about":[{"href":"https:\/\/blog.wika.com\/pt\/wp-json\/wp\/v2\/types\/page"}],"author":[{"embeddable":true,"href":"https:\/\/blog.wika.com\/pt\/wp-json\/wp\/v2\/users\/68"}],"replies":[{"embeddable":true,"href":"https:\/\/blog.wika.com\/pt\/wp-json\/wp\/v2\/comments?post=87"}],"version-history":[{"count":3,"href":"https:\/\/blog.wika.com\/pt\/wp-json\/wp\/v2\/pages\/87\/revisions"}],"predecessor-version":[{"id":6873,"href":"https:\/\/blog.wika.com\/pt\/wp-json\/wp\/v2\/pages\/87\/revisions\/6873"}],"wp:attachment":[{"href":"https:\/\/blog.wika.com\/pt\/wp-json\/wp\/v2\/media?parent=87"}],"curies":[{"name":"wp","href":"https:\/\/api.w.org\/{rel}","templated":true}]}}